{"id":2127,"date":"2024-10-22T10:23:44","date_gmt":"2024-10-22T15:23:44","guid":{"rendered":"https:\/\/iepcervello.edu.pe\/web\/?page_id=2127"},"modified":"2024-10-22T13:33:42","modified_gmt":"2024-10-22T18:33:42","slug":"participaciones2024","status":"publish","type":"page","link":"https:\/\/sygaweb.com\/web_cervello\/web\/participaciones2024\/","title":{"rendered":"PARTICIPACIONES"},"content":{"rendered":"<p>[vc_row][vc_column][vc_column_text][\/vc_column_text][\/vc_column][\/vc_row][vc_row][vc_column width=\u00bb1\/2&#8243;][vc_row_inner][vc_column_inner][vc_single_image image=\u00bb2129&#8243; alignment=\u00bbcenter\u00bb style=\u00bbvc_box_rounded\u00bb onclick=\u00bbcustom_link\u00bb img_link_target=\u00bb_blank\u00bb css_animation=\u00bbfadeIn\u00bb link=\u00bbhttps:\/\/drive.google.com\/drive\/u\/1\/folders\/11sR3o7AiI_AQNAqispS7PsJx4qDEA8nB\u00bb][vc_column_text]<\/p>\n<p style=\"text-align: center;\"><span style=\"color: #800000;\"><strong><a style=\"color: #800000;\" href=\"https:\/\/drive.google.com\/drive\/u\/1\/folders\/11sR3o7AiI_AQNAqispS7PsJx4qDEA8nB\" target=\"_blank\" rel=\"noopener\">CONVENCI\u00d3N NACIONAL DE EDUCACI\u00d3N CAT\u00d3LICA XXXVII<\/a><\/strong><\/span><\/p>\n<p>[\/vc_column_text][\/vc_column_inner][\/vc_row_inner][\/vc_column][vc_column width=\u00bb1\/2&#8243;][vc_row_inner][vc_column_inner][vc_single_image image=\u00bb2150&#8243; alignment=\u00bbcenter\u00bb style=\u00bbvc_box_rounded\u00bb onclick=\u00bbcustom_link\u00bb img_link_target=\u00bb_blank\u00bb css_animation=\u00bbfadeIn\u00bb link=\u00bbhttps:\/\/www.facebook.com\/watch\/?v=604570698563559&#8243;][vc_column_text]<\/p>\n<p style=\"text-align: center;\"><span style=\"color: #800000;\"><strong><a style=\"color: #800000;\" href=\"https:\/\/www.facebook.com\/watch\/?v=604570698563559\" target=\"_blank\" rel=\"noopener\">II Congreso Internacional de Pastoral Educativa Mercedaria<\/a><\/strong><\/span><\/p>\n<p>[\/vc_column_text][\/vc_column_inner][\/vc_row_inner][\/vc_column][\/vc_row]<\/p>\n","protected":false},"excerpt":{"rendered":"<p>[vc_row][vc_column][vc_column_text][\/vc_column_text][\/vc_column][\/vc_row][vc_row][vc_column width=\u00bb1\/2&#8243;][vc_row_inner][vc_column_inner][vc_single_image image=\u00bb2129&#8243; alignment=\u00bbcenter\u00bb style=\u00bbvc_box_rounded\u00bb onclick=\u00bbcustom_link\u00bb img_link_target=\u00bb_blank\u00bb css_animation=\u00bbfadeIn\u00bb link=\u00bbhttps:\/\/drive.google.com\/drive\/u\/1\/folders\/11sR3o7AiI_AQNAqispS7PsJx4qDEA8nB\u00bb][vc_column_text] CONVENCI\u00d3N NACIONAL DE EDUCACI\u00d3N CAT\u00d3LICA XXXVII [\/vc_column_text][\/vc_column_inner][\/vc_row_inner][\/vc_column][vc_column width=\u00bb1\/2&#8243;][vc_row_inner][vc_column_inner][vc_single_image image=\u00bb2150&#8243; alignment=\u00bbcenter\u00bb style=\u00bbvc_box_rounded\u00bb onclick=\u00bbcustom_link\u00bb img_link_target=\u00bb_blank\u00bb css_animation=\u00bbfadeIn\u00bb link=\u00bbhttps:\/\/www.facebook.com\/watch\/?v=604570698563559&#8243;][vc_column_text] II Congreso Internacional de Pastoral Educativa Mercedaria [\/vc_column_text][\/vc_column_inner][\/vc_row_inner][\/vc_column][\/vc_row]<\/p>\n","protected":false},"author":2,"featured_media":0,"parent":0,"menu_order":0,"comment_status":"closed","ping_status":"closed","template":"","meta":{"footnotes":""},"class_list":["post-2127","page","type-page","status-publish","hentry"],"blocksy_meta":[],"_links":{"self":[{"href":"https:\/\/sygaweb.com\/web_cervello\/web\/wp-json\/wp\/v2\/pages\/2127","targetHints":{"allow":["GET"]}}],"collection":[{"href":"https:\/\/sygaweb.com\/web_cervello\/web\/wp-json\/wp\/v2\/pages"}],"about":[{"href":"https:\/\/sygaweb.com\/web_cervello\/web\/wp-json\/wp\/v2\/types\/page"}],"author":[{"embeddable":true,"href":"https:\/\/sygaweb.com\/web_cervello\/web\/wp-json\/wp\/v2\/users\/2"}],"replies":[{"embeddable":true,"href":"https:\/\/sygaweb.com\/web_cervello\/web\/wp-json\/wp\/v2\/comments?post=2127"}],"version-history":[{"count":18,"href":"https:\/\/sygaweb.com\/web_cervello\/web\/wp-json\/wp\/v2\/pages\/2127\/revisions"}],"predecessor-version":[{"id":2157,"href":"https:\/\/sygaweb.com\/web_cervello\/web\/wp-json\/wp\/v2\/pages\/2127\/revisions\/2157"}],"wp:attachment":[{"href":"https:\/\/sygaweb.com\/web_cervello\/web\/wp-json\/wp\/v2\/media?parent=2127"}],"curies":[{"name":"wp","href":"https:\/\/api.w.org\/{rel}","templated":true}]}}