{"id":2180,"date":"2025-01-03T18:20:29","date_gmt":"2025-01-03T23:20:29","guid":{"rendered":"https:\/\/iepcervello.edu.pe\/web\/?page_id=2180"},"modified":"2025-01-09T10:47:03","modified_gmt":"2025-01-09T15:47:03","slug":"plan-lector-2025","status":"publish","type":"page","link":"https:\/\/sygaweb.com\/web_cervello\/web\/plan-lector-2025\/","title":{"rendered":"PLAN LECTOR 2025"},"content":{"rendered":"<p style=\"text-align: center;\"><span style=\"font-size: 18pt; color: #b50719;\"><strong>PLAN LECTOR 2025 <\/strong><\/span><span style=\"font-size: 18pt; color: #b50719;\"><strong>(Enero y Febrero)<\/strong><\/span><\/p>\n<p>Se hace la publicaci\u00f3n del Plan Lector 2025, con las obras que los estudiantes deber\u00e1n leer en los meses de Enero y Febrero. Asimismo, el \u00c1rea de Comunicaci\u00f3n realizar\u00e1 el control de lectura a los estudiantes al retornar a clases, en el A\u00f1o Escolar 2025, de esta manera se realizar\u00e1 el recojo de evidencias como parte de una de sus competencias de \u00e1rea.<\/p>\n<table style=\"height: 147px; margin-left: auto; margin-right: auto; border: 1px solid black;\" width=\"741\">\n<tbody>\n<tr style=\"height: 55px; text-align: center;\">\n<td style=\"width: 362px; height: 55px; text-align: center; border: 1px solid black; background-color: yellow;\" colspan=\"2\"><span style=\"font-size: 14pt;\"><strong>INICIAL<\/strong><\/span><\/td>\n<\/tr>\n<tr style=\"height: 55px; text-align: center;\">\n<td style=\"width: 362px; height: 55px; text-align: center; border: 1px solid black;\"><span style=\"font-size: 14pt;\"><strong>3 a\u00f1os<\/strong><\/span><\/td>\n<td style=\"width: 363px; height: 55px; text-align: center; border: 1px solid black;\"><span style=\"font-size: 14pt;\"><strong>Descargar<\/strong><\/span><\/td>\n<\/tr>\n<tr style=\"height: 55px; text-align: center;\">\n<td style=\"width: 362px; height: 55px; text-align: center; border: 1px solid black;\"><span style=\"font-size: 14pt;\"><strong>4 a\u00f1os<\/strong><\/span><\/td>\n<td style=\"width: 363px; height: 55px; text-align: center; border: 1px solid black;\"><span style=\"font-size: 14pt;\"><strong>Descargar<\/strong><\/span><\/td>\n<\/tr>\n<tr style=\"height: 55px; text-align: center;\">\n<td style=\"width: 362px; height: 55px; text-align: center; border: 1px solid black;\"><span style=\"font-size: 14pt;\"><strong>5 a\u00f1os<\/strong><\/span><\/td>\n<td style=\"width: 363px; height: 55px; text-align: center; border: 1px solid black;\"><span style=\"font-size: 14pt;\"><strong>Descargar<\/strong><\/span><\/td>\n<\/tr>\n<\/tbody>\n<\/table>\n<table style=\"height: 147px; margin-left: auto; margin-right: auto; border: 1px solid black;\" width=\"741\">\n<tbody>\n<tr style=\"height: 55px; text-align: center;\">\n<td style=\"width: 362px; height: 55px; text-align: center; border: 1px solid black; background-color: yellow;\" colspan=\"2\"><span style=\"font-size: 14pt;\"><strong>PRIMARIA<\/strong><\/span><\/td>\n<\/tr>\n<tr style=\"height: 55px; text-align: center;\">\n<td style=\"width: 362px; height: 55px; text-align: center; border: 1px solid black;\"><span style=\"font-size: 14pt;\"><strong>1\u00ba<\/strong><\/span><\/td>\n<td style=\"width: 363px; height: 55px; border: 1px solid black; text-align: center;\"><a href=\"https:\/\/drive.google.com\/file\/d\/1R8CLdfNk-kWicYtEXqMOrPpxgyZoonV1\/view?usp=sharing\" target=\"_blank\" rel=\"noopener\"><span style=\"font-size: 14pt;\"><strong>Descargar<\/strong><\/span><\/a><\/td>\n<\/tr>\n<tr style=\"height: 55px; text-align: center;\">\n<td style=\"width: 362px; height: 55px; text-align: center; border: 1px solid black;\"><span style=\"font-size: 18.6667px;\"><b>2\u00ba<\/b><\/span><\/td>\n<td style=\"width: 363px; height: 55px; border: 1px solid black; text-align: center;\"><a href=\"https:\/\/drive.google.com\/file\/d\/1TDdk3QDGigNZLCxJbxo6aKImA8FcNuIA\/view?usp=sharing\" target=\"_blank\" rel=\"noopener\"><span style=\"font-size: 14pt;\"><strong>Descargar<\/strong><\/span><\/a><\/td>\n<\/tr>\n<tr style=\"height: 55px; text-align: center;\">\n<td style=\"width: 362px; height: 55px; text-align: center; border: 1px solid black;\"><span style=\"font-size: 18.6667px;\"><b>3\u00ba<\/b><\/span><\/td>\n<td style=\"width: 363px; height: 55px; border: 1px solid black; text-align: center;\"><a href=\"https:\/\/drive.google.com\/file\/d\/1nEjd82Lrm2chXsC9F8XzBi38bvh8wDA3\/view?usp=sharing\" target=\"_blank\" rel=\"noopener\"><span style=\"font-size: 14pt;\"><strong>Descargar<\/strong><\/span><\/a><\/td>\n<\/tr>\n<tr style=\"height: 55px; text-align: center;\">\n<td style=\"width: 362px; height: 55px; text-align: center; border: 1px solid black;\"><span style=\"font-size: 14pt;\"><b>4\u00ba<\/b><\/span><\/td>\n<td style=\"width: 363px; height: 55px; border: 1px solid black; text-align: center;\"><a href=\"https:\/\/drive.google.com\/file\/d\/1K9L4-RxJvBq3BUwm03VA0hSnlZh8DAx3\/view?usp=sharing\" target=\"_blank\" rel=\"noopener\"><span style=\"font-size: 14pt;\"><strong>Descargar<\/strong><\/span><\/a><\/td>\n<\/tr>\n<tr style=\"height: 55px; text-align: center;\">\n<td style=\"width: 362px; height: 55px; text-align: center; border: 1px solid black;\"><span style=\"font-size: 14pt;\"><b>5\u00ba<\/b><\/span><\/td>\n<td style=\"width: 363px; height: 55px; border: 1px solid black; text-align: center;\"><a href=\"https:\/\/drive.google.com\/file\/d\/1TuDdeUTTCJzH9ZGmG_HtVarAxp0ssp6X\/view?usp=sharing\" target=\"_blank\" rel=\"noopener\"><span style=\"font-size: 14pt;\"><strong>Descargar<\/strong><\/span><\/a><\/td>\n<\/tr>\n<tr style=\"height: 55px; text-align: center;\">\n<td style=\"width: 362px; height: 55px; text-align: center; border: 1px solid black;\"><span style=\"font-size: 14pt;\"><b>6\u00ba<\/b><\/span><\/td>\n<td style=\"width: 363px; height: 55px; border: 1px solid black; text-align: center;\"><a href=\"https:\/\/drive.google.com\/file\/d\/1UW-pehcjdItDiAvQcYEsm_cWizSRwoi7\/view?usp=sharing\" target=\"_blank\" rel=\"noopener\"><span style=\"font-size: 14pt;\"><strong>Descargar<\/strong><\/span><\/a><\/td>\n<\/tr>\n<\/tbody>\n<\/table>\n<table style=\"height: 147px; margin-left: auto; margin-right: auto; border: 1px solid black;\" width=\"741\">\n<tbody>\n<tr style=\"height: 55px; text-align: center;\">\n<td style=\"width: 362px; height: 55px; text-align: center; border: 1px solid black; background-color: yellow;\" colspan=\"2\"><span style=\"font-size: 14pt;\"><strong>SECUNDARIA<\/strong><\/span><\/td>\n<\/tr>\n<tr style=\"height: 55px; text-align: center;\">\n<td style=\"width: 362px; height: 55px; text-align: center; border: 1px solid black;\" colspan=\"2\"><a href=\"https:\/\/drive.google.com\/file\/d\/1RWtRW08z8gKufJSBDuspwtZ9LCWGWXRj\/view?usp=sharing\" target=\"_blank\" rel=\"noopener\"><span style=\"font-size: 14pt;\"><strong>Descargar<\/strong><\/span><\/a><\/td>\n<\/tr>\n<\/tbody>\n<\/table>\n<p>&nbsp;<\/p>\n","protected":false},"excerpt":{"rendered":"<p>PLAN LECTOR 2025 (Enero y Febrero) Se hace la publicaci\u00f3n del Plan Lector 2025, con las obras que los estudiantes deber\u00e1n leer en los meses de Enero y Febrero. Asimismo, el \u00c1rea de Comunicaci\u00f3n realizar\u00e1 el control de lectura a los estudiantes al retornar a clases, en el A\u00f1o Escolar 2025, de esta manera se [&hellip;]<\/p>\n","protected":false},"author":2,"featured_media":0,"parent":0,"menu_order":0,"comment_status":"closed","ping_status":"closed","template":"","meta":{"footnotes":""},"class_list":["post-2180","page","type-page","status-publish","hentry"],"blocksy_meta":[],"_links":{"self":[{"href":"https:\/\/sygaweb.com\/web_cervello\/web\/wp-json\/wp\/v2\/pages\/2180","targetHints":{"allow":["GET"]}}],"collection":[{"href":"https:\/\/sygaweb.com\/web_cervello\/web\/wp-json\/wp\/v2\/pages"}],"about":[{"href":"https:\/\/sygaweb.com\/web_cervello\/web\/wp-json\/wp\/v2\/types\/page"}],"author":[{"embeddable":true,"href":"https:\/\/sygaweb.com\/web_cervello\/web\/wp-json\/wp\/v2\/users\/2"}],"replies":[{"embeddable":true,"href":"https:\/\/sygaweb.com\/web_cervello\/web\/wp-json\/wp\/v2\/comments?post=2180"}],"version-history":[{"count":5,"href":"https:\/\/sygaweb.com\/web_cervello\/web\/wp-json\/wp\/v2\/pages\/2180\/revisions"}],"predecessor-version":[{"id":2221,"href":"https:\/\/sygaweb.com\/web_cervello\/web\/wp-json\/wp\/v2\/pages\/2180\/revisions\/2221"}],"wp:attachment":[{"href":"https:\/\/sygaweb.com\/web_cervello\/web\/wp-json\/wp\/v2\/media?parent=2180"}],"curies":[{"name":"wp","href":"https:\/\/api.w.org\/{rel}","templated":true}]}}