{"id":221,"date":"2018-11-29T07:05:29","date_gmt":"2018-11-29T07:05:29","guid":{"rendered":"http:\/\/www.sie-colegios.com\/san-francisco\/?page_id=221"},"modified":"2022-09-08T14:13:09","modified_gmt":"2022-09-08T19:13:09","slug":"mision-y-vision","status":"publish","type":"page","link":"https:\/\/sygaweb.com\/web_cervello\/web\/nosotros\/mision-y-vision\/","title":{"rendered":"Misi\u00f3n y Visi\u00f3n"},"content":{"rendered":"<p>[vc_row content_placement=\u00bbmiddle\u00bb][vc_column width=\u00bb1\/2&#8243;][vc_column_text]<strong>MISI\u00d3N<\/strong><br \/>\nSomos una Instituci\u00f3n Educativa Cat\u00f3lica del distrito de Nuevo Chimbote, fundamentada en los valores evang\u00e9licos y el carisma de la Congregaci\u00f3n de Religiosas Mercedarias Misioneras. Ofrecemos una educaci\u00f3n integral y liberadora, acompa\u00f1ando a nuestros estudiantes en el desarrollo de su autoformaci\u00f3n y compromiso transformador de su entorno.<\/p>\n<p>&nbsp;<\/p>\n<p>&nbsp;<\/p>\n<p><strong>VISI\u00d3N<\/strong><br \/>\nEn el a\u00f1o 2021, la Instituci\u00f3n Educativa Particular Parroquial \u201cSanta Mar\u00eda de Cervell\u00f3\u201d, ser\u00e1 reconocida como una comunidad educativa de calidad, comprometida con los principios mercedarios, con un alto sentido de respeto por la vida y dignidad de la persona, en un \u00f3ptimo clima institucional.[\/vc_column_text][\/vc_column][vc_column width=\u00bb1\/2&#8243;][image style=\u00bbstyle-5&#8243; position=\u00bbbelow\u00bb src=\u00bbhttp:\/\/iepcervello.edu.pe\/portal\/wp-content\/uploads\/2019\/04\/home-bienvenidos-1.jpg\u00bb][\/vc_column][\/vc_row]<\/p>\n","protected":false},"excerpt":{"rendered":"<p>[vc_row content_placement=\u00bbmiddle\u00bb][vc_column width=\u00bb1\/2&#8243;][vc_column_text]MISI\u00d3N Somos una Instituci\u00f3n Educativa Cat\u00f3lica del distrito de Nuevo Chimbote, fundamentada en los valores evang\u00e9licos y el carisma de la Congregaci\u00f3n de Religiosas Mercedarias Misioneras. Ofrecemos una educaci\u00f3n integral y liberadora, acompa\u00f1ando a nuestros estudiantes en el desarrollo de su autoformaci\u00f3n y compromiso transformador de su entorno. &nbsp; &nbsp; VISI\u00d3N En el [&hellip;]<\/p>\n","protected":false},"author":1,"featured_media":0,"parent":8,"menu_order":0,"comment_status":"closed","ping_status":"closed","template":"","meta":{"footnotes":""},"class_list":["post-221","page","type-page","status-publish","hentry"],"blocksy_meta":[],"_links":{"self":[{"href":"https:\/\/sygaweb.com\/web_cervello\/web\/wp-json\/wp\/v2\/pages\/221","targetHints":{"allow":["GET"]}}],"collection":[{"href":"https:\/\/sygaweb.com\/web_cervello\/web\/wp-json\/wp\/v2\/pages"}],"about":[{"href":"https:\/\/sygaweb.com\/web_cervello\/web\/wp-json\/wp\/v2\/types\/page"}],"author":[{"embeddable":true,"href":"https:\/\/sygaweb.com\/web_cervello\/web\/wp-json\/wp\/v2\/users\/1"}],"replies":[{"embeddable":true,"href":"https:\/\/sygaweb.com\/web_cervello\/web\/wp-json\/wp\/v2\/comments?post=221"}],"version-history":[{"count":5,"href":"https:\/\/sygaweb.com\/web_cervello\/web\/wp-json\/wp\/v2\/pages\/221\/revisions"}],"predecessor-version":[{"id":423,"href":"https:\/\/sygaweb.com\/web_cervello\/web\/wp-json\/wp\/v2\/pages\/221\/revisions\/423"}],"up":[{"embeddable":true,"href":"https:\/\/sygaweb.com\/web_cervello\/web\/wp-json\/wp\/v2\/pages\/8"}],"wp:attachment":[{"href":"https:\/\/sygaweb.com\/web_cervello\/web\/wp-json\/wp\/v2\/media?parent=221"}],"curies":[{"name":"wp","href":"https:\/\/api.w.org\/{rel}","templated":true}]}}