{"id":226,"date":"2018-11-29T07:27:39","date_gmt":"2018-11-29T07:27:39","guid":{"rendered":"http:\/\/www.sie-colegios.com\/san-francisco\/?page_id=226"},"modified":"2022-09-08T14:13:01","modified_gmt":"2022-09-08T19:13:01","slug":"valores","status":"publish","type":"page","link":"https:\/\/sygaweb.com\/web_cervello\/web\/nosotros\/valores\/","title":{"rendered":"Valores"},"content":{"rendered":"<p>[vc_row content_placement=\u00bbmiddle\u00bb][vc_column width=\u00bb1\/2&#8243;][vc_column_text]<strong>Libertad<\/strong><br \/>\nLa vivencia de la libertad, en nuestro estilo educativo, permite decidir y optar por un mundo m\u00e1s justo y fraterno, desde el respeto mutuo que promueve el di\u00e1logo, la apertura y tolerancia en el compartir las ideas, la cr\u00edtica constructiva y la autocr\u00edtica, teniendo como modelo en nuestras acciones cotidianas a Cristo Redentor y a Lutgarda para testimoniar el amor liberador.<\/p>\n<p>&nbsp;<\/p>\n<p><strong>Solidaridad<\/strong><br \/>\nFormamos en el valor de la solidaridad aprendiendo a compartir y sentir las preocupaciones y sufrimientos de los hombres y mujeres sobretodo de los m\u00e1s necesitados, con actitud generosa, fraterna y activa, coherente con los valores del Evangelio.<\/p>\n<p>&nbsp;<\/p>\n<p><strong>Responsabilidad<\/strong><br \/>\nGracias a la responsabilidad podemos convivir de manera arm\u00f3nica, pac\u00edfica y equitativa porque nos ayuda a tomar conciencia de nuestras decisiones aut\u00f3nomas y honestas, as\u00ed como del compromiso por lograr nuestras metas y objetivos personales e institucionales.<\/p>\n<p>&nbsp;<\/p>\n<p><strong>Justicia<\/strong><br \/>\nEl valor de la Justicia, regula la conducta social de la persona, dispone a la equidad como parte del respeto a los derechos de cada uno, as\u00ed como el fomento de la armon\u00eda en las relaciones humanas y el bien com\u00fan de los integrantes de las Instituciones Educativas.<\/p>\n<p>&nbsp;<\/p>\n<p><strong>Verdad<\/strong><br \/>\nEs un valor \u00e9tico. Permite orientar nuestro comportamiento en funci\u00f3n de realizarnos como personas en coherencia con el magisterio de la Iglesia e iluminados por la Verdad plena que es Jesucristo Redentor.<\/p>\n<p>&nbsp;<\/p>\n<p>&nbsp;<\/p>\n<p>&nbsp;<\/p>\n<p>&nbsp;[\/vc_column_text][\/vc_column][vc_column width=\u00bb1\/2&#8243;][image style=\u00bbstyle-5&#8243; position=\u00bbbelow\u00bb src=\u00bbhttp:\/\/iepcervello.edu.pe\/portal\/wp-content\/uploads\/2019\/04\/valores.jpg\u00bb][image style=\u00bbstyle-5&#8243; position=\u00bbbelow\u00bb src=\u00bbhttp:\/\/iepcervello.edu.pe\/portal\/wp-content\/uploads\/2019\/04\/valores2.jpg\u00bb][\/vc_column][\/vc_row]<\/p>\n","protected":false},"excerpt":{"rendered":"<p>[vc_row content_placement=\u00bbmiddle\u00bb][vc_column width=\u00bb1\/2&#8243;][vc_column_text]Libertad La vivencia de la libertad, en nuestro estilo educativo, permite decidir y optar por un mundo m\u00e1s justo y fraterno, desde el respeto mutuo que promueve el di\u00e1logo, la apertura y tolerancia en el compartir las ideas, la cr\u00edtica constructiva y la autocr\u00edtica, teniendo como modelo en nuestras acciones cotidianas a Cristo [&hellip;]<\/p>\n","protected":false},"author":1,"featured_media":0,"parent":8,"menu_order":0,"comment_status":"closed","ping_status":"closed","template":"","meta":{"footnotes":""},"class_list":["post-226","page","type-page","status-publish","hentry"],"blocksy_meta":[],"_links":{"self":[{"href":"https:\/\/sygaweb.com\/web_cervello\/web\/wp-json\/wp\/v2\/pages\/226","targetHints":{"allow":["GET"]}}],"collection":[{"href":"https:\/\/sygaweb.com\/web_cervello\/web\/wp-json\/wp\/v2\/pages"}],"about":[{"href":"https:\/\/sygaweb.com\/web_cervello\/web\/wp-json\/wp\/v2\/types\/page"}],"author":[{"embeddable":true,"href":"https:\/\/sygaweb.com\/web_cervello\/web\/wp-json\/wp\/v2\/users\/1"}],"replies":[{"embeddable":true,"href":"https:\/\/sygaweb.com\/web_cervello\/web\/wp-json\/wp\/v2\/comments?post=226"}],"version-history":[{"count":14,"href":"https:\/\/sygaweb.com\/web_cervello\/web\/wp-json\/wp\/v2\/pages\/226\/revisions"}],"predecessor-version":[{"id":428,"href":"https:\/\/sygaweb.com\/web_cervello\/web\/wp-json\/wp\/v2\/pages\/226\/revisions\/428"}],"up":[{"embeddable":true,"href":"https:\/\/sygaweb.com\/web_cervello\/web\/wp-json\/wp\/v2\/pages\/8"}],"wp:attachment":[{"href":"https:\/\/sygaweb.com\/web_cervello\/web\/wp-json\/wp\/v2\/media?parent=226"}],"curies":[{"name":"wp","href":"https:\/\/api.w.org\/{rel}","templated":true}]}}