{"id":2354,"date":"2025-09-04T05:17:00","date_gmt":"2025-09-04T10:17:00","guid":{"rendered":"https:\/\/sygaweb.com\/web_cervello\/web\/?page_id=2354"},"modified":"2025-09-07T18:23:49","modified_gmt":"2025-09-07T23:23:49","slug":"iniciohw","status":"publish","type":"page","link":"https:\/\/sygaweb.com\/web_cervello\/web\/","title":{"rendered":"iniciohw"},"content":{"rendered":"<h3 style=\"text-align: center;\">Estudiantes \u00edntegros con excelencia acad\u00e9mica, valores s\u00f3lidos y visi\u00f3n global.<br \/>Formamos vidas, creamos futuro.<\/h3>\n<p>\t\t\t\t\t<a href=\"#\"><br \/>\n\t\t\t\t\t\t\t\t\tADMISI\u00d3N 2025<br \/>\n\t\t\t\t\t<\/a><br \/>\n\t\t\t\t\t\t\t\t\t\t\t\t\t\t\t<img loading=\"lazy\" decoding=\"async\" width=\"272\" height=\"300\" src=\"https:\/\/sygaweb.com\/web_cervello\/web\/wp-content\/uploads\/2025\/09\/MADRE_DE_LA_MERCED-272x300.png\" alt=\"\" srcset=\"https:\/\/sygaweb.com\/web_cervello\/web\/wp-content\/uploads\/2025\/09\/MADRE_DE_LA_MERCED-272x300.png 272w, https:\/\/sygaweb.com\/web_cervello\/web\/wp-content\/uploads\/2025\/09\/MADRE_DE_LA_MERCED-927x1024.png 927w, https:\/\/sygaweb.com\/web_cervello\/web\/wp-content\/uploads\/2025\/09\/MADRE_DE_LA_MERCED-768x848.png 768w, https:\/\/sygaweb.com\/web_cervello\/web\/wp-content\/uploads\/2025\/09\/MADRE_DE_LA_MERCED-1391x1536.png 1391w, https:\/\/sygaweb.com\/web_cervello\/web\/wp-content\/uploads\/2025\/09\/MADRE_DE_LA_MERCED-1855x2048.png 1855w, https:\/\/sygaweb.com\/web_cervello\/web\/wp-content\/uploads\/2025\/09\/MADRE_DE_LA_MERCED.png 1959w\" sizes=\"auto, (max-width: 272px) 100vw, 272px\" \/>\t\t\t\t\t\t\t\t\t\t\t\t\t\t\t<\/p>\n<p><strong style=\"color: #de3535; font-size: 16pt;\">Bienvenido a nuestro Colegio<\/strong><\/p>\n<p style=\"text-align: justify;\"><strong>Con la esperanza que este a\u00f1o, Dios y nuestra madre, Mar\u00eda de la Merced, nos sigan regalando, no solo, la oportunidad de compartir nuestras experiencias pedag\u00f3gicas, sino tambi\u00e9n, de contribuir a la formaci\u00f3n integral y liberadora que nos permita evangelizar en el amor a Dios para ayudar al pr\u00f3jimo y a nosotros mismos, damos la bienvenida, en nombre de nuestro emblem\u00e1tico I.E.P. \u00abSanta Mar\u00eda de Cervell\u00f3\u00bb, periodo lectivo 2026.<\/strong><\/p>\n<p style=\"text-align: justify;\"><strong>Bajo el lema: \u00abEducando con libertad, ternura y misericordia\u00bb, es que queremos renovar nuestro compromiso de brindar una educaci\u00f3n basada en responsabilidad, verdad y libertad, justicia y solidaridad, que nos conduzca a sembrar en cada uno de nuestros estudiantes el deseo de ser mejores personas, capaces de tomar decisiones, actuar con actitud reflexiva y vivencias el carisma mercedario obrando con vocaci\u00f3n de servicio.\u00a0<\/strong><\/p>\n<p style=\"text-align: justify;\"><strong style=\"font-family: arial, helvetica, sans-serif; font-size: 10pt; font-style: inherit; font-variant-ligatures: inherit; font-variant-caps: inherit;\">En esta acci\u00f3n educativa, es prioritaria la presencia de la familia, la misma que tienen como responsabilidad educar en el amor y el perd\u00f3n para que junto a la escuela, podamos tener una sociedad m\u00e1s sensible y humana.<\/strong><\/p>\n<p style=\"text-align: justify;\"><strong>Asimismo, recordamos la figura de una mujer carism\u00e1tica que asumi\u00f3 la educaci\u00f3n como uno de los medios m\u00e1s eficaces de liberaci\u00f3n y cuya frase: \u00abDios y Nuestra Madre Proveer\u00e1n\u00bb, ha permitido que nuestras hermanas Mercedarias mantengan vigente a trav\u00e9s de sus obras de servicio en favor de la educaci\u00f3n a , LUTGARDA MAS I MATEU.<\/strong><\/p>\n<p style=\"text-align: justify;\"><strong>Finalmente, nuestro agradecimiento a toda la comunidad Mercedaria Cervellina, por seguir apostando por una educaci\u00f3n que tiene como modelo de maestro a Cristo Redentor y como modelo de madre, a nuestra amad\u00edsisma, Mar\u00eda de la Merced.<\/strong><\/p>\n<p>Lorem ipsum dolor sit amet, consectetur adipiscing elit. Ut elit tellus, luctus nec ullamcorper mattis, pulvinar dapibus leo.<\/p>\n<p>Lorem ipsum dolor sit amet, consectetur adipiscing elit. Ut elit tellus, luctus nec ullamcorper mattis, pulvinar dapibus leo.<\/p>\n<p>Lorem ipsum dolor sit amet, consectetur adipiscing elit. Ut elit tellus, luctus nec ullamcorper mattis, pulvinar dapibus leo.<\/p>\n<p>Lorem ipsum dolor sit amet, consectetur adipiscing elit. Ut elit tellus, luctus nec ullamcorper mattis, pulvinar dapibus leo.<\/p>\n<p>Lorem ipsum dolor sit amet, consectetur adipiscing elit. Ut elit tellus, luctus nec ullamcorper mattis, pulvinar dapibus leo.<\/p>\n<p>Lorem ipsum dolor sit amet, consectetur adipiscing elit. Ut elit tellus, luctus nec ullamcorper mattis, pulvinar dapibus leo.<\/p>\n","protected":false},"excerpt":{"rendered":"<p>Estudiantes \u00edntegros con excelencia acad\u00e9mica, valores s\u00f3lidos y visi\u00f3n global.Formamos vidas, creamos futuro. ADMISI\u00d3N 2025 Bienvenido a nuestro Colegio Con la esperanza que este a\u00f1o, Dios y nuestra madre, Mar\u00eda de la Merced, nos sigan regalando, no solo, la oportunidad de compartir nuestras experiencias pedag\u00f3gicas, sino tambi\u00e9n, de contribuir a la formaci\u00f3n integral y liberadora [&hellip;]<\/p>\n","protected":false},"author":2,"featured_media":0,"parent":0,"menu_order":0,"comment_status":"closed","ping_status":"closed","template":"","meta":{"footnotes":""},"class_list":["post-2354","page","type-page","status-publish","hentry"],"blocksy_meta":[],"_links":{"self":[{"href":"https:\/\/sygaweb.com\/web_cervello\/web\/wp-json\/wp\/v2\/pages\/2354","targetHints":{"allow":["GET"]}}],"collection":[{"href":"https:\/\/sygaweb.com\/web_cervello\/web\/wp-json\/wp\/v2\/pages"}],"about":[{"href":"https:\/\/sygaweb.com\/web_cervello\/web\/wp-json\/wp\/v2\/types\/page"}],"author":[{"embeddable":true,"href":"https:\/\/sygaweb.com\/web_cervello\/web\/wp-json\/wp\/v2\/users\/2"}],"replies":[{"embeddable":true,"href":"https:\/\/sygaweb.com\/web_cervello\/web\/wp-json\/wp\/v2\/comments?post=2354"}],"version-history":[{"count":185,"href":"https:\/\/sygaweb.com\/web_cervello\/web\/wp-json\/wp\/v2\/pages\/2354\/revisions"}],"predecessor-version":[{"id":2610,"href":"https:\/\/sygaweb.com\/web_cervello\/web\/wp-json\/wp\/v2\/pages\/2354\/revisions\/2610"}],"wp:attachment":[{"href":"https:\/\/sygaweb.com\/web_cervello\/web\/wp-json\/wp\/v2\/media?parent=2354"}],"curies":[{"name":"wp","href":"https:\/\/api.w.org\/{rel}","templated":true}]}}