{"id":439,"date":"2019-04-05T12:39:20","date_gmt":"2019-04-05T12:39:20","guid":{"rendered":"http:\/\/iepcervello.edu.pe\/portal\/?page_id=439"},"modified":"2022-09-09T10:45:09","modified_gmt":"2022-09-09T15:45:09","slug":"historia-colegio","status":"publish","type":"page","link":"https:\/\/sygaweb.com\/web_cervello\/web\/nosotros\/historia-colegio\/","title":{"rendered":"Historia del Colegio"},"content":{"rendered":"<p>[vc_row][vc_column width=\u00bb1\/2&#8243;][vc_column_text]El C.E.P.P. \u201cSanta Mar\u00eda de Cervell\u00f3\u201d inici\u00f3 su funcionamiento en 1952, atendiendo los niveles de Educaci\u00f3n Primaria y Secundaria de mujeres, bajo la direcci\u00f3n de la R.M. Jes\u00fas Mar\u00eda Jim\u00e9nez Lape\u00f1a. El primer local que ocup\u00f3 estuvo situado en lo que hoy es el Centro Pastoral Pablo VI; luego se pas\u00f3 al Malec\u00f3n Grau y de all\u00ed se traslad\u00f3 a la Urb. Buenos Aires. A ra\u00edz del terremoto de 1970 nos vimos en la necesidad de a aperturar el local escolar en la Urb. Los Pinos.<\/p>\n<p>&nbsp;<\/p>\n<p>Desde 1972, se volvi\u00f3 a la propiedad del cono sur. Esta infraestructura ha sido modernizada y actualmente cuenta con dos pisos, aulas ventiladas, patios amplios, numerosas \u00e1reas verdes, laboratorios de Ciencia y Tecnolog\u00eda, Idiomas e Inform\u00e1tica, servicio de Internet, biblioteca, auditorio, pista atl\u00e9tica, canchas de b\u00e1squetbol, v\u00f3leibol y fulbito. Todas las instalaciones est\u00e1n en permanente mantenimiento y conservaci\u00f3n; adem\u00e1s, cuenta con los recursos tecnol\u00f3gicos que el Marco Curricular recomienda.<\/p>\n<p>&nbsp;<\/p>\n<p>Desde 1978, nuestra instituci\u00f3n atiende el nivel de Educaci\u00f3n Inicial.<\/p>\n<p>&nbsp;<\/p>\n<p>Cabe destacar que en los a\u00f1os de vida institucional, se ha venido obteniendo reconocimientos y distinciones por la excelente participaci\u00f3n de nuestros estudiantes y exalumnos en diversos eventos a nivel local, regional, nacional e internacional.<\/p>\n<p>&nbsp;<\/p>\n<p>Un especial agradecimiento a todas las hermanas Religiosas Mercedarias Misioneras que han dirigido el colegio, por su entrega y dedicaci\u00f3n; y a toda la comunidad educativa por promover una educaci\u00f3n integral y liberadora, en bien de los ni\u00f1os y adolescentes que se educan en nuestro centro educativo.[\/vc_column_text][\/vc_column][vc_column width=\u00bb1\/2&#8243;][image style=\u00bbstyle-5&#8243; position=\u00bbbelow\u00bb src=\u00bbhttps:\/\/sygaweb.com\/web_cervello\/web\/wp-content\/uploads\/2022\/09\/home4_cervello.png\u00bb][\/vc_column][\/vc_row]<\/p>\n","protected":false},"excerpt":{"rendered":"<p>[vc_row][vc_column width=\u00bb1\/2&#8243;][vc_column_text]El C.E.P.P. \u201cSanta Mar\u00eda de Cervell\u00f3\u201d inici\u00f3 su funcionamiento en 1952, atendiendo los niveles de Educaci\u00f3n Primaria y Secundaria de mujeres, bajo la direcci\u00f3n de la R.M. Jes\u00fas Mar\u00eda Jim\u00e9nez Lape\u00f1a. El primer local que ocup\u00f3 estuvo situado en lo que hoy es el Centro Pastoral Pablo VI; luego se pas\u00f3 al Malec\u00f3n Grau [&hellip;]<\/p>\n","protected":false},"author":1,"featured_media":0,"parent":8,"menu_order":0,"comment_status":"closed","ping_status":"closed","template":"","meta":{"footnotes":""},"class_list":["post-439","page","type-page","status-publish","hentry"],"blocksy_meta":[],"_links":{"self":[{"href":"https:\/\/sygaweb.com\/web_cervello\/web\/wp-json\/wp\/v2\/pages\/439","targetHints":{"allow":["GET"]}}],"collection":[{"href":"https:\/\/sygaweb.com\/web_cervello\/web\/wp-json\/wp\/v2\/pages"}],"about":[{"href":"https:\/\/sygaweb.com\/web_cervello\/web\/wp-json\/wp\/v2\/types\/page"}],"author":[{"embeddable":true,"href":"https:\/\/sygaweb.com\/web_cervello\/web\/wp-json\/wp\/v2\/users\/1"}],"replies":[{"embeddable":true,"href":"https:\/\/sygaweb.com\/web_cervello\/web\/wp-json\/wp\/v2\/comments?post=439"}],"version-history":[{"count":5,"href":"https:\/\/sygaweb.com\/web_cervello\/web\/wp-json\/wp\/v2\/pages\/439\/revisions"}],"predecessor-version":[{"id":899,"href":"https:\/\/sygaweb.com\/web_cervello\/web\/wp-json\/wp\/v2\/pages\/439\/revisions\/899"}],"up":[{"embeddable":true,"href":"https:\/\/sygaweb.com\/web_cervello\/web\/wp-json\/wp\/v2\/pages\/8"}],"wp:attachment":[{"href":"https:\/\/sygaweb.com\/web_cervello\/web\/wp-json\/wp\/v2\/media?parent=439"}],"curies":[{"name":"wp","href":"https:\/\/api.w.org\/{rel}","templated":true}]}}