{"id":443,"date":"2019-04-05T12:45:57","date_gmt":"2019-04-05T12:45:57","guid":{"rendered":"http:\/\/iepcervello.edu.pe\/portal\/?page_id=443"},"modified":"2019-04-05T12:50:20","modified_gmt":"2019-04-05T12:50:20","slug":"palabras-direccion","status":"publish","type":"page","link":"https:\/\/sygaweb.com\/web_cervello\/web\/nosotros\/palabras-direccion\/","title":{"rendered":"Palabras de la Direcci\u00f3n"},"content":{"rendered":"<p>[vc_row][vc_column width=\u00bb1\/2&#8243;][vc_column_text]Quiero agradecer en primer lugar a Dios, fuente de infinita misericordia y de espl\u00e9ndida sabidur\u00eda y a nuestra amad\u00edsima madre, Mar\u00eda de la Merced y corredentora en esta gran obra de amor liberador que emprendiera Pedro Nolasco y que para gracia nuestra, este a\u00f1o celebramos jubilosos, ochocientos a\u00f1os de presencia en el mundo; gracias, por la oportunidad de ser parte de esta gran familia mercedaria.<\/p>\n<p>&nbsp;<\/p>\n<p>En segundo lugar, expreso mi compromiso de trabajar con responsabilidad, sencillez y humildad la tarea encomendada, teniendo presente que nuestra vocaci\u00f3n de maestros es una vocaci\u00f3n que requiere de entrega, servicio y acompa\u00f1amiento en el d\u00eda a d\u00eda a nuestra principal motivaci\u00f3n: nuestros queridos estudiantes.<\/p>\n<p>&nbsp;<\/p>\n<p>A los padres de familia, primeros e insustituibles educadores, gracias por la confianza depositada en nuestra comunidad educativa cervellina y coadyuvar en la formaci\u00f3n integral de sus hijos, y no olviden que los necesitamos para que est\u00e9n atentos al desarrollo de su vida acad\u00e9mica y emocional de sus hijos, pues nuestra misi\u00f3n de educaci\u00f3n evangelizadora ha de ser en colaboraci\u00f3n con ustedes.<\/p>\n<p>&nbsp;<\/p>\n<p>Adem\u00e1s, debo dirigirirme a quienes son nuestra raz\u00f3n de ser, a quienes conquistan nuestros corazones con su sola presencia y son los protagonistas en nuestra labor docente: mis queridos estudiantes, quiero comprometerlos a mantener vivo sus sue\u00f1os, vitalidad y optimismo que se necesita para enfrentar con \u00e9xito cada proyecto que realicemos.<\/p>\n<p>&nbsp;<\/p>\n<p>A nuestros amigos docentes, cuyo papel no se reduce solo a un dictado de clases, sino por el contrario, tienen la tarea de acompa\u00f1ar a nuestros estudiantes en el proceso de autoformaci\u00f3n y hacer que ellos se comprometan en el logro de sus aprendizajes.<\/p>\n<p>&nbsp;<\/p>\n<p>Anim\u00e9monos juntos, a iniciar este a\u00f1o con alegr\u00eda, dedicaci\u00f3n y cogidos de la mano de Cristo Redentor, pues todos estamos comprometidos en garantizar, desde el primer d\u00eda de clases que sea un experiencia grata, interesante y segura para que todos los ni\u00f1os y adolescentes aprovechen al m\u00e1ximo el encuentro con sus maestros.<\/p>\n<p>Hoy inicia una nueva aventura llena de muchos proyectos, retos, pero tambi\u00e9n oportunidades, a partir de hoy, escribiremos una nueva p\u00e1gina donde cada integrante de esta familia aporte bajo los principios mercedarios al logro de una educaci\u00f3n integral y liberadora.<\/p>\n<p>&nbsp;<\/p>\n<p>Finalmente, debemos encomendarnos al todopoderoso y a nuestra Sant\u00edsima Madre de la Merced y Santa Mar\u00eda de Cervell\u00f3, para que nos acompa\u00f1e y derrame su bendici\u00f3n en cada paso que podamos dar y recalcar que educar en la libertad nos permite conseguir la madurez humana, a fin de que nuestros destinatarios puedan realizarse en forma consciente, cr\u00edtica y creadora.[\/vc_column_text][\/vc_column][vc_column width=\u00bb1\/2&#8243;][image style=\u00bbstyle-5&#8243; position=\u00bbbelow\u00bb src=\u00bbhttp:\/\/iepcervello.edu.pe\/portal\/wp-content\/uploads\/2019\/04\/home-bienvenidos.jpg\u00bb][image style=\u00bbstyle-5&#8243; position=\u00bbbelow\u00bb src=\u00bbhttp:\/\/iepcervello.edu.pe\/portal\/wp-content\/uploads\/2019\/04\/palabras-direccion.jpg\u00bb][\/vc_column][\/vc_row]<\/p>\n","protected":false},"excerpt":{"rendered":"<p>[vc_row][vc_column width=\u00bb1\/2&#8243;][vc_column_text]Quiero agradecer en primer lugar a Dios, fuente de infinita misericordia y de espl\u00e9ndida sabidur\u00eda y a nuestra amad\u00edsima madre, Mar\u00eda de la Merced y corredentora en esta gran obra de amor liberador que emprendiera Pedro Nolasco y que para gracia nuestra, este a\u00f1o celebramos jubilosos, ochocientos a\u00f1os de presencia en el mundo; gracias, [&hellip;]<\/p>\n","protected":false},"author":1,"featured_media":0,"parent":8,"menu_order":0,"comment_status":"closed","ping_status":"closed","template":"","meta":{"footnotes":""},"class_list":["post-443","page","type-page","status-publish","hentry"],"blocksy_meta":[],"_links":{"self":[{"href":"https:\/\/sygaweb.com\/web_cervello\/web\/wp-json\/wp\/v2\/pages\/443","targetHints":{"allow":["GET"]}}],"collection":[{"href":"https:\/\/sygaweb.com\/web_cervello\/web\/wp-json\/wp\/v2\/pages"}],"about":[{"href":"https:\/\/sygaweb.com\/web_cervello\/web\/wp-json\/wp\/v2\/types\/page"}],"author":[{"embeddable":true,"href":"https:\/\/sygaweb.com\/web_cervello\/web\/wp-json\/wp\/v2\/users\/1"}],"replies":[{"embeddable":true,"href":"https:\/\/sygaweb.com\/web_cervello\/web\/wp-json\/wp\/v2\/comments?post=443"}],"version-history":[{"count":3,"href":"https:\/\/sygaweb.com\/web_cervello\/web\/wp-json\/wp\/v2\/pages\/443\/revisions"}],"predecessor-version":[{"id":447,"href":"https:\/\/sygaweb.com\/web_cervello\/web\/wp-json\/wp\/v2\/pages\/443\/revisions\/447"}],"up":[{"embeddable":true,"href":"https:\/\/sygaweb.com\/web_cervello\/web\/wp-json\/wp\/v2\/pages\/8"}],"wp:attachment":[{"href":"https:\/\/sygaweb.com\/web_cervello\/web\/wp-json\/wp\/v2\/media?parent=443"}],"curies":[{"name":"wp","href":"https:\/\/api.w.org\/{rel}","templated":true}]}}