{"id":483,"date":"2019-04-22T11:55:46","date_gmt":"2019-04-22T11:55:46","guid":{"rendered":"http:\/\/iepcervello.edu.pe\/portal\/?page_id=483"},"modified":"2024-05-06T12:44:39","modified_gmt":"2024-05-06T17:44:39","slug":"bienvenidos","status":"publish","type":"page","link":"https:\/\/sygaweb.com\/web_cervello\/web\/bienvenidos\/","title":{"rendered":"Bienvenidos"},"content":{"rendered":"<p><strong><img loading=\"lazy\" decoding=\"async\" class=\"alignnone wp-image-755 \" src=\"https:\/\/sygaweb.com\/web_cervello\/web\/wp-content\/uploads\/2022\/09\/logo_3_letrasok.png\" alt=\"\" width=\"111\" height=\"101\" \/><\/strong><\/p>\n<h4><strong>Bienvenido a nuestro Colegio<\/strong><\/h4>\n<p><strong>Con la esperanza que este a\u00f1o, Dios y nuestra madre, Mar\u00eda de la Merced, nos sigan regalando, no solo, la oportunidad de compartir nuestras experiencias pedag\u00f3gicas, sino tambi\u00e9n, de contribuir a la formaci\u00f3n integral y liberadora que nos permita evangelizar en el amor a Dios para ayudar al pr\u00f3jimo y a nosotros mismos, damos la bienvenida, en nombre de nuestro emblem\u00e1tico I.E.P. \u00abSanta Mar\u00eda de Cervell\u00f3\u00bb, periodo lectivo 2024.<\/strong><\/p>\n<p><strong>Bajo el lema: \u00abEducando con libertad, ternura y misericordia\u00bb, es que queremos renovar nuestro compromiso de brindar una educaci\u00f3n basada en responsabilidad, verdad y libertad, justicia y solidaridad, que nos conduzca a sembrar en cada uno de nuestros estudiantes el deseo de ser mejores personas, capaces de tomar decisiones, actuar con actitud reflexiva y vivencias el carisma mercedario obrando con vocaci\u00f3n de servicio.<\/strong><\/p>\n<p><strong>En esta acci\u00f3n educativa, es prioritaria la presencia de la familia, la misma que tienen como responsabilidad educar en el amor y el perd\u00f3n para que junto a la escuela, podamos tener una sociedad m\u00e1s sensible y humana.<\/strong><\/p>\n<p><strong>Asimismo, recordamos la figura de una mujer carism\u00e1tica que asumi\u00f3 la educaci\u00f3n como uno de los medios m\u00e1s eficaces de liberaci\u00f3n y cuya frase: \u00abDios y Nuestra Madre Proveer\u00e1n\u00bb, ha permitido que nuestras hermanas Mercedarias mantengan vigente a trav\u00e9s de sus obras de servicio en favor de la educaci\u00f3n a , LUTGARDA MAS I MATEU.<\/strong><\/p>\n<p><strong>Finalmente, nuestro agradecimiento a toda la comunidad Mercedaria Cervellina, por seguir apostando por una educaci\u00f3n que tiene como modelo de maestro a Cristo Redentor y como modelo de madre, a nuestra amad\u00edsisma, Mar\u00eda de la Merced.<\/strong><\/p>\n","protected":false},"excerpt":{"rendered":"<p>Bienvenido a nuestro Colegio Con la esperanza que este a\u00f1o, Dios y nuestra madre, Mar\u00eda de la Merced, nos sigan regalando, no solo, la oportunidad de compartir nuestras experiencias pedag\u00f3gicas, sino tambi\u00e9n, de contribuir a la formaci\u00f3n integral y liberadora que nos permita evangelizar en el amor a Dios para ayudar al pr\u00f3jimo y a [&hellip;]<\/p>\n","protected":false},"author":1,"featured_media":0,"parent":0,"menu_order":0,"comment_status":"closed","ping_status":"closed","template":"","meta":{"footnotes":""},"class_list":["post-483","page","type-page","status-publish","hentry"],"blocksy_meta":[],"_links":{"self":[{"href":"https:\/\/sygaweb.com\/web_cervello\/web\/wp-json\/wp\/v2\/pages\/483","targetHints":{"allow":["GET"]}}],"collection":[{"href":"https:\/\/sygaweb.com\/web_cervello\/web\/wp-json\/wp\/v2\/pages"}],"about":[{"href":"https:\/\/sygaweb.com\/web_cervello\/web\/wp-json\/wp\/v2\/types\/page"}],"author":[{"embeddable":true,"href":"https:\/\/sygaweb.com\/web_cervello\/web\/wp-json\/wp\/v2\/users\/1"}],"replies":[{"embeddable":true,"href":"https:\/\/sygaweb.com\/web_cervello\/web\/wp-json\/wp\/v2\/comments?post=483"}],"version-history":[{"count":13,"href":"https:\/\/sygaweb.com\/web_cervello\/web\/wp-json\/wp\/v2\/pages\/483\/revisions"}],"predecessor-version":[{"id":1741,"href":"https:\/\/sygaweb.com\/web_cervello\/web\/wp-json\/wp\/v2\/pages\/483\/revisions\/1741"}],"wp:attachment":[{"href":"https:\/\/sygaweb.com\/web_cervello\/web\/wp-json\/wp\/v2\/media?parent=483"}],"curies":[{"name":"wp","href":"https:\/\/api.w.org\/{rel}","templated":true}]}}