{"id":546,"date":"2022-09-06T16:56:26","date_gmt":"2022-09-06T21:56:26","guid":{"rendered":"http:\/\/iepcervello.edu.pe\/portal\/?page_id=546"},"modified":"2025-03-04T18:53:45","modified_gmt":"2025-03-04T23:53:45","slug":"enlaces","status":"publish","type":"page","link":"https:\/\/sygaweb.com\/web_cervello\/web\/galerias\/enlaces\/","title":{"rendered":"<!-- HOME --> ENLACES"},"content":{"rendered":"<p>[vc_row]<br \/>\n[vc_column width=\u00bb1\/5&#8243;][vc_column_text]<br \/>\n<a href=\"https:\/\/drive.google.com\/file\/d\/14ng8cV0MA1e9tBPyT-OIx9PUpYxM5psd\/view?usp=sharing\" target=\"_blank\" rel=\"noopener\"><img loading=\"lazy\" decoding=\"async\" class=\"size-full wp-image-873 aligncenter\" src=\"https:\/\/sygaweb.com\/web_cervello\/web\/wp-content\/uploads\/2025\/01\/logo_reglamento_interno.png\" alt=\"\" width=\"85\" height=\"85\" \/><\/a><\/p>\n<p style=\"text-align: center;\"><strong><a href=\"https:\/\/drive.google.com\/file\/d\/14ng8cV0MA1e9tBPyT-OIx9PUpYxM5psd\/view?usp=sharing\" target=\"_blank\" rel=\"noopener\">Reglamento Interno 2025<\/a><\/strong><\/p>\n<p>[\/vc_column_text][\/vc_column]<\/p>\n<p>[vc_column width=\u00bb1\/5&#8243;][vc_column_text]<\/p>\n<p style=\"text-align: center;\"><a href=\"https:\/\/sygaweb.com\/web_cervello\/web\/archivos\/\" target=\"_blank\" rel=\"noopener\"><img loading=\"lazy\" decoding=\"async\" class=\"size-full wp-image-873 aligncenter\" src=\"https:\/\/sygaweb.com\/web_cervello\/portal\/wp-content\/uploads\/2022\/09\/documentos.png\" alt=\"\" width=\"85\" height=\"85\" srcset=\"https:\/\/sygaweb.com\/web_cervello\/web\/wp-content\/uploads\/2022\/09\/documentos.png 512w, https:\/\/sygaweb.com\/web_cervello\/web\/wp-content\/uploads\/2022\/09\/documentos-300x300.png 300w, https:\/\/sygaweb.com\/web_cervello\/web\/wp-content\/uploads\/2022\/09\/documentos-150x150.png 150w, https:\/\/sygaweb.com\/web_cervello\/web\/wp-content\/uploads\/2022\/09\/documentos-72x72.png 72w\" sizes=\"auto, (max-width: 85px) 100vw, 85px\" \/><\/a><\/p>\n<p style=\"text-align: center;\"><strong><a href=\"https:\/\/sygaweb.com\/web_cervello\/web\/archivos\/\" target=\"_blank\" rel=\"noopener\">Recursos<\/a><\/strong><\/p>\n<p>[\/vc_column_text][\/vc_column]<\/p>\n<p>[vc_column width=\u00bb1\/5&#8243;][vc_column_text]<a href=\"https:\/\/sygaweb.com\/web_cervello\/web\/documentos-2025\/\" target=\"_blank\" rel=\"noopener\"><img loading=\"lazy\" decoding=\"async\" class=\"size-full wp-image-873 aligncenter\" src=\"https:\/\/sygaweb.com\/web_cervello\/portal\/wp-content\/uploads\/2022\/09\/documentos.png\" alt=\"\" width=\"85\" height=\"85\" srcset=\"https:\/\/sygaweb.com\/web_cervello\/web\/wp-content\/uploads\/2022\/09\/documentos.png 512w, https:\/\/sygaweb.com\/web_cervello\/web\/wp-content\/uploads\/2022\/09\/documentos-300x300.png 300w, https:\/\/sygaweb.com\/web_cervello\/web\/wp-content\/uploads\/2022\/09\/documentos-150x150.png 150w, https:\/\/sygaweb.com\/web_cervello\/web\/wp-content\/uploads\/2022\/09\/documentos-72x72.png 72w\" sizes=\"auto, (max-width: 85px) 100vw, 85px\" \/><\/a><\/p>\n<p style=\"text-align: center;\"><strong><a href=\"https:\/\/sygaweb.com\/web_cervello\/web\/documentos-2025\/\" target=\"_blank\" rel=\"noopener noreferrer\">Documentos institucionales<\/a><\/strong><\/p>\n<p>[\/vc_column_text][\/vc_column]<\/p>\n<p>[vc_column width=\u00bb1\/5&#8243;][vc_column_text]<br \/>\n<a href=\"https:\/\/sygaweb.com\/web_cervello\/libro_reclamaciones\/\" target=\"_blank\" rel=\"noopener\"><img loading=\"lazy\" decoding=\"async\" class=\"size-full wp-image-873 aligncenter\" src=\"https:\/\/sygaweb.com\/web_cervello\/web\/wp-content\/uploads\/2022\/09\/quidocs-1.png\" alt=\"\" width=\"85\" height=\"85\" \/><\/a><\/p>\n<p style=\"text-align: center;\"><strong><a href=\"https:\/\/sygaweb.com\/web_cervello\/libro_reclamaciones\/\" target=\"_blank\" rel=\"noopener noreferrer\">Libro de Reclamaciones<\/a><\/strong><\/p>\n<p>[\/vc_column_text][\/vc_column]<\/p>\n<p>[vc_column width=\u00bb1\/5&#8243;][vc_column_text]<a href=\"https:\/\/sygaweb.com\/web_cervello\/web\/curriculum-vitae\/\" target=\"_blank\" rel=\"noopener\"><img loading=\"lazy\" decoding=\"async\" class=\"wp-image-1026 size-thumbnail aligncenter\" src=\"https:\/\/sygaweb.com\/web_cervello\/web\/wp-content\/uploads\/2022\/12\/curriculum-vitae-150x150.png\" alt=\"\" width=\"92\" height=\"92\" srcset=\"https:\/\/sygaweb.com\/web_cervello\/web\/wp-content\/uploads\/2022\/12\/curriculum-vitae-150x150.png 150w, https:\/\/sygaweb.com\/web_cervello\/web\/wp-content\/uploads\/2022\/12\/curriculum-vitae-300x300.png 300w, https:\/\/sygaweb.com\/web_cervello\/web\/wp-content\/uploads\/2022\/12\/curriculum-vitae-72x72.png 72w, https:\/\/sygaweb.com\/web_cervello\/web\/wp-content\/uploads\/2022\/12\/curriculum-vitae.png 512w\" sizes=\"auto, (max-width: 92px) 100vw, 92px\" \/><\/a><\/p>\n<p style=\"text-align: center;\"><strong><a href=\"https:\/\/sygaweb.com\/web_cervello\/web\/curriculum-vitae\/\" target=\"_blank\" rel=\"noopener\">Curriculum Vitae<\/a><\/strong><\/p>\n<p>[\/vc_column_text][\/vc_column][\/vc_row][vc_row][vc_column][vc_empty_space][\/vc_column]<\/p>\n<p>[\/vc_row]<\/p>\n<p>[vc_row][vc_column width=\u00bb1\/5&#8243;][vc_column_text]<a href=\"https:\/\/iepcervello.sieweb.com.pe\" target=\"_blank\" rel=\"noopener\"><img loading=\"lazy\" decoding=\"async\" class=\"size-full wp-image-884 aligncenter\" src=\"https:\/\/sygaweb.com\/web_cervello\/portal\/wp-content\/uploads\/2022\/09\/unnamed.webp\" alt=\"\" width=\"85\" height=\"85\" srcset=\"https:\/\/sygaweb.com\/web_cervello\/web\/wp-content\/uploads\/2022\/09\/unnamed.webp 240w, https:\/\/sygaweb.com\/web_cervello\/web\/wp-content\/uploads\/2022\/09\/unnamed-150x150.webp 150w, https:\/\/sygaweb.com\/web_cervello\/web\/wp-content\/uploads\/2022\/09\/unnamed-72x72.webp 72w\" sizes=\"auto, (max-width: 85px) 100vw, 85px\" \/><\/a><\/p>\n<p style=\"text-align: center;\"><strong><a href=\"https:\/\/iepcervello.sieweb.com.pe\" target=\"_blank\" rel=\"noopener noreferrer\">Sieweb<\/a><\/strong><\/p>\n<p>[\/vc_column_text][\/vc_column]<\/p>\n<p>[vc_column width=\u00bb1\/5&#8243;][vc_column_text]<a href=\"https:\/\/drive.google.com\/file\/d\/1GxNV2jEVqo_4tvmCSy7GqjWaMmSZyb30\/view\" target=\"_blank\" rel=\"noopener\"><img loading=\"lazy\" decoding=\"async\" class=\"size-full wp-image-872 aligncenter\" src=\"https:\/\/sygaweb.com\/web_cervello\/portal\/wp-content\/uploads\/2022\/09\/costos2022-1-1.png\" alt=\"\" width=\"85\" height=\"85\" srcset=\"https:\/\/sygaweb.com\/web_cervello\/web\/wp-content\/uploads\/2022\/09\/costos2022-1-1.png 300w, https:\/\/sygaweb.com\/web_cervello\/web\/wp-content\/uploads\/2022\/09\/costos2022-1-1-150x150.png 150w, https:\/\/sygaweb.com\/web_cervello\/web\/wp-content\/uploads\/2022\/09\/costos2022-1-1-72x72.png 72w\" sizes=\"auto, (max-width: 85px) 100vw, 85px\" \/><\/a><\/p>\n<p style=\"text-align: center;\"><strong><a href=\"https:\/\/drive.google.com\/file\/d\/1GxNV2jEVqo_4tvmCSy7GqjWaMmSZyb30\/view\" target=\"_blank\" rel=\"noopener noreferrer\">Bolet\u00edn de Costos Educativos 2025<\/a><\/strong><\/p>\n<p>[\/vc_column_text][\/vc_column]<\/p>\n<p>[vc_column width=\u00bb1\/5&#8243;][vc_column_text]<a href=\"https:\/\/drive.google.com\/file\/d\/19MM_88BGMC9rjgzd5FADxP2L0MCmXIZJ\/view?usp=drive_link\" target=\"_blank\" rel=\"noopener\"><img loading=\"lazy\" decoding=\"async\" class=\"size-full wp-image-872 aligncenter\" src=\"https:\/\/sygaweb.com\/web_cervello\/portal\/wp-content\/uploads\/2022\/09\/costos2022-1-1.png\" alt=\"\" width=\"85\" height=\"85\" srcset=\"https:\/\/sygaweb.com\/web_cervello\/web\/wp-content\/uploads\/2022\/09\/costos2022-1-1.png 300w, https:\/\/sygaweb.com\/web_cervello\/web\/wp-content\/uploads\/2022\/09\/costos2022-1-1-150x150.png 150w, https:\/\/sygaweb.com\/web_cervello\/web\/wp-content\/uploads\/2022\/09\/costos2022-1-1-72x72.png 72w\" sizes=\"auto, (max-width: 85px) 100vw, 85px\" \/><\/a><\/p>\n<p style=\"text-align: center;\"><strong><a href=\"https:\/\/drive.google.com\/file\/d\/19MM_88BGMC9rjgzd5FADxP2L0MCmXIZJ\/view?usp=drive_link\" target=\"_blank\" rel=\"noopener noreferrer\">Bolet\u00edn de orientaciones econ\u00f3micas y pedag\u00f3gicas 2025<\/a><\/strong><\/p>\n<p>[\/vc_column_text][\/vc_column]<\/p>\n<p>[vc_column width=\u00bb1\/5&#8243;][vc_column_text]<\/p>\n<p style=\"text-align: center;\"><a href=\"https:\/\/sygaweb.com\/web_cervello\/web\/evaluacion_recuperacion_2025\/\" target=\"_blank\" rel=\"noopener\"><img loading=\"lazy\" decoding=\"async\" class=\"aligncenter wp-image-1043 size-full\" src=\"https:\/\/sygaweb.com\/web_cervello\/web\/wp-content\/uploads\/2024\/01\/prueba3.png\" alt=\"\" width=\"92\" height=\"92\" \/><\/a><\/p>\n<p style=\"text-align: center;\"><strong><a href=\"https:\/\/sygaweb.com\/web_cervello\/web\/evaluacion_recuperacion_2025\/\" target=\"_blank\" rel=\"noopener\">EVALUACI\u00d3N DE RECUPERACI\u00d3N PEDAG\u00d3GICA 2025 (Matriz de competencias y campos tem\u00e1ticos)<\/a><\/strong><\/p>\n<p>[\/vc_column_text][\/vc_column]<\/p>\n<p>[vc_column width=\u00bb1\/5&#8243;][vc_column_text]<a href=\"https:\/\/sygaweb.com\/web_cervello\/web\/plan-lector-2025\/\" target=\"_blank\" rel=\"noopener\"><img loading=\"lazy\" decoding=\"async\" class=\"size-full wp-image-556 aligncenter\" src=\"https:\/\/sygaweb.com\/web_cervello\/portal\/wp-content\/uploads\/2022\/09\/leyendo-1.png\" alt=\"\" width=\"92\" height=\"92\" srcset=\"https:\/\/sygaweb.com\/web_cervello\/web\/wp-content\/uploads\/2022\/09\/leyendo-1.png 512w, https:\/\/sygaweb.com\/web_cervello\/web\/wp-content\/uploads\/2022\/09\/leyendo-1-300x300.png 300w, https:\/\/sygaweb.com\/web_cervello\/web\/wp-content\/uploads\/2022\/09\/leyendo-1-150x150.png 150w, https:\/\/sygaweb.com\/web_cervello\/web\/wp-content\/uploads\/2022\/09\/leyendo-1-72x72.png 72w\" sizes=\"auto, (max-width: 92px) 100vw, 92px\" \/><\/a><\/p>\n<p style=\"text-align: center;\"><strong><a href=\"https:\/\/sygaweb.com\/web_cervello\/web\/plan-lector-2025\/\" target=\"_blank\" rel=\"noopener\">PLAN LECTOR 2025<br \/>\n(Enero &#8211; Febrero)<\/a><\/strong><\/p>\n<p>[\/vc_column_text][\/vc_column]<\/p>\n<p>[vc_row]<\/p>\n<p>[vc_column width=\u00bb1\/5&#8243;][vc_column_text]<a href=\"https:\/\/drive.google.com\/file\/d\/1pzzqi_3-_GtCDq5nMdqa09aR4WYuZSP3\/view?usp=sharing\" target=\"_blank\" rel=\"noopener\"><img loading=\"lazy\" decoding=\"async\" class=\"size-full wp-image-1567 aligncenter\" src=\"https:\/\/sygaweb.com\/web_cervello\/web\/wp-content\/uploads\/2023\/12\/detener_violencia.png\" alt=\"\" width=\"92\" height=\"92\" srcset=\"https:\/\/sygaweb.com\/web_cervello\/web\/wp-content\/uploads\/2023\/12\/detener_violencia.png 512w, https:\/\/sygaweb.com\/web_cervello\/web\/wp-content\/uploads\/2023\/12\/detener_violencia-300x300.png 300w, https:\/\/sygaweb.com\/web_cervello\/web\/wp-content\/uploads\/2023\/12\/detener_violencia-150x150.png 150w, https:\/\/sygaweb.com\/web_cervello\/web\/wp-content\/uploads\/2023\/12\/detener_violencia-200x200.png 200w\" sizes=\"auto, (max-width: 92px) 100vw, 92px\" \/><\/a><\/p>\n<p style=\"text-align: center;\"><strong><a href=\"https:\/\/drive.google.com\/file\/d\/1pzzqi_3-_GtCDq5nMdqa09aR4WYuZSP3\/view?usp=sharing\" target=\"_blank\" rel=\"noopener noreferrer\">Ley N.\u00ba 30403 y<br \/>\nsu reglamento<\/a><\/strong><\/p>\n<p>[\/vc_column_text][\/vc_column]<\/p>\n<p>[vc_column width=\u00bb1\/5&#8243;][vc_column_text]<\/p>\n<p style=\"text-align: center;\"><a href=\"https:\/\/sygaweb.com\/web_cervello\/web\/lista-de-utiles-escolares-2025\/\" target=\"_blank\" rel=\"noopener\"><img loading=\"lazy\" decoding=\"async\" class=\"aligncenter wp-image-1043 size-full\" src=\"https:\/\/sygaweb.com\/web_cervello\/web\/wp-content\/uploads\/2024\/01\/cuaderno.png\" alt=\"\" width=\"92\" height=\"92\" \/><\/a><\/p>\n<p style=\"text-align: center;\"><strong><a href=\"https:\/\/sygaweb.com\/web_cervello\/web\/lista-de-utiles-escolares-2025\/\" target=\"_blank\" rel=\"noopener\">Lista de \u00fatiles escolares 2025<\/a><\/strong><\/p>\n<p>[\/vc_column_text][\/vc_column]<\/p>\n","protected":false},"excerpt":{"rendered":"<p>[vc_row] [vc_column width=\u00bb1\/5&#8243;][vc_column_text] Reglamento Interno 2025 [\/vc_column_text][\/vc_column] [vc_column width=\u00bb1\/5&#8243;][vc_column_text] Recursos [\/vc_column_text][\/vc_column] [vc_column width=\u00bb1\/5&#8243;][vc_column_text] Documentos institucionales [\/vc_column_text][\/vc_column] [vc_column width=\u00bb1\/5&#8243;][vc_column_text] Libro de Reclamaciones [\/vc_column_text][\/vc_column] [vc_column width=\u00bb1\/5&#8243;][vc_column_text] Curriculum Vitae [\/vc_column_text][\/vc_column][\/vc_row][vc_row][vc_column][vc_empty_space][\/vc_column] [\/vc_row] [vc_row][vc_column width=\u00bb1\/5&#8243;][vc_column_text] Sieweb [\/vc_column_text][\/vc_column] [vc_column width=\u00bb1\/5&#8243;][vc_column_text] Bolet\u00edn de Costos Educativos 2025 [\/vc_column_text][\/vc_column] [vc_column width=\u00bb1\/5&#8243;][vc_column_text] Bolet\u00edn de orientaciones econ\u00f3micas y pedag\u00f3gicas 2025 [\/vc_column_text][\/vc_column] [vc_column width=\u00bb1\/5&#8243;][vc_column_text] EVALUACI\u00d3N DE RECUPERACI\u00d3N [&hellip;]<\/p>\n","protected":false},"author":1,"featured_media":0,"parent":93,"menu_order":0,"comment_status":"closed","ping_status":"closed","template":"","meta":{"footnotes":""},"class_list":["post-546","page","type-page","status-publish","hentry"],"blocksy_meta":[],"_links":{"self":[{"href":"https:\/\/sygaweb.com\/web_cervello\/web\/wp-json\/wp\/v2\/pages\/546","targetHints":{"allow":["GET"]}}],"collection":[{"href":"https:\/\/sygaweb.com\/web_cervello\/web\/wp-json\/wp\/v2\/pages"}],"about":[{"href":"https:\/\/sygaweb.com\/web_cervello\/web\/wp-json\/wp\/v2\/types\/page"}],"author":[{"embeddable":true,"href":"https:\/\/sygaweb.com\/web_cervello\/web\/wp-json\/wp\/v2\/users\/1"}],"replies":[{"embeddable":true,"href":"https:\/\/sygaweb.com\/web_cervello\/web\/wp-json\/wp\/v2\/comments?post=546"}],"version-history":[{"count":191,"href":"https:\/\/sygaweb.com\/web_cervello\/web\/wp-json\/wp\/v2\/pages\/546\/revisions"}],"predecessor-version":[{"id":1518,"href":"https:\/\/sygaweb.com\/web_cervello\/web\/wp-json\/wp\/v2\/pages\/546\/revisions\/1518"}],"up":[{"embeddable":true,"href":"https:\/\/sygaweb.com\/web_cervello\/web\/wp-json\/wp\/v2\/pages\/93"}],"wp:attachment":[{"href":"https:\/\/sygaweb.com\/web_cervello\/web\/wp-json\/wp\/v2\/media?parent=546"}],"curies":[{"name":"wp","href":"https:\/\/api.w.org\/{rel}","templated":true}]}}