{"id":58,"date":"2018-11-20T08:39:54","date_gmt":"2018-11-20T08:39:54","guid":{"rendered":"http:\/\/localhost\/san_francisco\/?page_id=58"},"modified":"2019-04-05T11:21:00","modified_gmt":"2019-04-05T11:21:00","slug":"nuestros-logros","status":"publish","type":"page","link":"https:\/\/sygaweb.com\/web_cervello\/web\/nuestros-logros\/","title":{"rendered":"<!-- HOME --> Nuestros Logros"},"content":{"rendered":"<p>[vc_row content_placement=\u00bbtop\u00bb el_class=\u00bbtitulo_niveles\u00bb][vc_column][vc_column_text]<\/p>\n<h2>NUESTROS LOGROS<\/h2>\n<p>[\/vc_column_text][vc_column_text]El Colegio Santa Mar\u00eda de Cervell\u00f3 est\u00e1 asociado con organizaciones que comparten una pasi\u00f3n por la excelencia en la educaci\u00f3n, y comprenden la diferencia que la educaci\u00f3n de calidad hace a los estudiantes y sus comunidades. Esto ofrece a nuestros estudiantes la oportunidad de interactuar con alumnos de otras escuelas, locales e internacionales, en actividades acad\u00e9micas, culturales o deportivas. A trav\u00e9s de estas afiliaciones, compartimos las mejores pr\u00e1cticas y el desarrollo profesional en todos los niveles a trav\u00e9s de una red de apoyo.[\/vc_column_text][\/vc_column][\/vc_row]<\/p>\n","protected":false},"excerpt":{"rendered":"<p>[vc_row content_placement=\u00bbtop\u00bb el_class=\u00bbtitulo_niveles\u00bb][vc_column][vc_column_text] NUESTROS LOGROS [\/vc_column_text][vc_column_text]El Colegio Santa Mar\u00eda de Cervell\u00f3 est\u00e1 asociado con organizaciones que comparten una pasi\u00f3n por la excelencia en la educaci\u00f3n, y comprenden la diferencia que la educaci\u00f3n de calidad hace a los estudiantes y sus comunidades. Esto ofrece a nuestros estudiantes la oportunidad de interactuar con alumnos de otras escuelas, [&hellip;]<\/p>\n","protected":false},"author":1,"featured_media":0,"parent":0,"menu_order":0,"comment_status":"closed","ping_status":"closed","template":"","meta":{"footnotes":""},"class_list":["post-58","page","type-page","status-publish","hentry"],"blocksy_meta":[],"_links":{"self":[{"href":"https:\/\/sygaweb.com\/web_cervello\/web\/wp-json\/wp\/v2\/pages\/58","targetHints":{"allow":["GET"]}}],"collection":[{"href":"https:\/\/sygaweb.com\/web_cervello\/web\/wp-json\/wp\/v2\/pages"}],"about":[{"href":"https:\/\/sygaweb.com\/web_cervello\/web\/wp-json\/wp\/v2\/types\/page"}],"author":[{"embeddable":true,"href":"https:\/\/sygaweb.com\/web_cervello\/web\/wp-json\/wp\/v2\/users\/1"}],"replies":[{"embeddable":true,"href":"https:\/\/sygaweb.com\/web_cervello\/web\/wp-json\/wp\/v2\/comments?post=58"}],"version-history":[{"count":7,"href":"https:\/\/sygaweb.com\/web_cervello\/web\/wp-json\/wp\/v2\/pages\/58\/revisions"}],"predecessor-version":[{"id":421,"href":"https:\/\/sygaweb.com\/web_cervello\/web\/wp-json\/wp\/v2\/pages\/58\/revisions\/421"}],"wp:attachment":[{"href":"https:\/\/sygaweb.com\/web_cervello\/web\/wp-json\/wp\/v2\/media?parent=58"}],"curies":[{"name":"wp","href":"https:\/\/api.w.org\/{rel}","templated":true}]}}