{"id":628,"date":"2022-09-07T11:00:23","date_gmt":"2022-09-07T16:00:23","guid":{"rendered":"https:\/\/iepcervello.edu.pe\/portal\/?page_id=628"},"modified":"2024-01-02T18:59:18","modified_gmt":"2024-01-02T23:59:18","slug":"plan-lector-2024","status":"publish","type":"page","link":"https:\/\/sygaweb.com\/web_cervello\/web\/plan-lector-2024\/","title":{"rendered":"Plan Lector 2024"},"content":{"rendered":"<p style=\"text-align: center;\"><span style=\"font-size: 18pt; color: #b50719;\"><strong>PLAN LECTOR 2024 <\/strong><\/span><span style=\"font-size: 18pt; color: #b50719;\"><strong>(Enero y Febrero)<\/strong><\/span><\/p>\n<p>Se hace la publicaci\u00f3n del Plan Lector 2024, con las obras que los estudiantes deber\u00e1n leer en los meses de Enero y Febrero. Asimismo, el \u00c1rea de Comunicaci\u00f3n realizar\u00e1 el control de lectura a los estudiantes al retornar a clases, en el A\u00f1o Escolar 2024, de esta manera se realizar\u00e1 el recojo de evidencias como parte de una de sus competencias de \u00e1rea.<\/p>\n<table style=\"height: 147px; margin-left: auto; margin-right: auto; border: 1px solid black;\" width=\"741\">\n<tbody>\n<tr style=\"height: 55px; text-align: center;\">\n<td style=\"width: 362px; height: 55px; text-align: center; border: 1px solid black; background-color: yellow;\" colspan=\"2\"><span style=\"font-size: 14pt;\"><strong>INICIAL<\/strong><\/span><\/td>\n<\/tr>\n<tr style=\"height: 55px; text-align: center;\">\n<td style=\"width: 362px; height: 55px; text-align: center; border: 1px solid black;\"><span style=\"font-size: 14pt;\"><strong>3 a\u00f1os<\/strong><\/span><\/td>\n<td style=\"width: 363px; height: 55px; text-align: center; border: 1px solid black;\"><span style=\"font-size: 14pt;\"><strong>Descargar<\/strong><\/span><\/td>\n<\/tr>\n<tr style=\"height: 55px; text-align: center;\">\n<td style=\"width: 362px; height: 55px; text-align: center; border: 1px solid black;\"><span style=\"font-size: 14pt;\"><strong>4 a\u00f1os<\/strong><\/span><\/td>\n<td style=\"width: 363px; height: 55px; text-align: center; border: 1px solid black;\"><span style=\"font-size: 14pt;\"><strong>Descargar<\/strong><\/span><\/td>\n<\/tr>\n<tr style=\"height: 55px; text-align: center;\">\n<td style=\"width: 362px; height: 55px; text-align: center; border: 1px solid black;\"><span style=\"font-size: 14pt;\"><strong>5 a\u00f1os<\/strong><\/span><\/td>\n<td style=\"width: 363px; height: 55px; text-align: center; border: 1px solid black;\"><span style=\"font-size: 14pt;\"><strong>Descargar<\/strong><\/span><\/td>\n<\/tr>\n<\/tbody>\n<\/table>\n<table style=\"height: 147px; margin-left: auto; margin-right: auto; border: 1px solid black;\" width=\"741\">\n<tbody>\n<tr style=\"height: 55px; text-align: center;\">\n<td style=\"width: 362px; height: 55px; text-align: center; border: 1px solid black; background-color: yellow;\" colspan=\"2\"><span style=\"font-size: 14pt;\"><strong>PRIMARIA<\/strong><\/span><\/td>\n<\/tr>\n<tr style=\"height: 55px; text-align: center;\">\n<td style=\"width: 362px; height: 55px; text-align: center; border: 1px solid black;\"><span style=\"font-size: 14pt;\"><strong>1\u00ba<\/strong><\/span><\/td>\n<td style=\"width: 363px; height: 55px; border: 1px solid black; text-align: center;\"><a href=\"https:\/\/drive.google.com\/file\/d\/1cTiWZJRc4Avdg7yFFBVqfRBVgjYzSfZT\/view?usp=sharing\" target=\"_blank\" rel=\"noopener\"><span style=\"font-size: 14pt;\"><strong>Descargar<\/strong><\/span><\/a><\/td>\n<\/tr>\n<tr style=\"height: 55px; text-align: center;\">\n<td style=\"width: 362px; height: 55px; text-align: center; border: 1px solid black;\"><span style=\"font-size: 18.6667px;\"><b>2\u00ba<\/b><\/span><\/td>\n<td style=\"width: 363px; height: 55px; border: 1px solid black; text-align: center;\"><a href=\"https:\/\/drive.google.com\/file\/d\/1C9n8_QyEVDkljagZitd5CR4B3TDZSHvQ\/view?usp=sharing\" target=\"_blank\" rel=\"noopener\"><span style=\"font-size: 14pt;\"><strong>Descargar<\/strong><\/span><\/a><\/td>\n<\/tr>\n<tr style=\"height: 55px; text-align: center;\">\n<td style=\"width: 362px; height: 55px; text-align: center; border: 1px solid black;\"><span style=\"font-size: 18.6667px;\"><b>3\u00ba<\/b><\/span><\/td>\n<td style=\"width: 363px; height: 55px; border: 1px solid black; text-align: center;\"><a href=\"https:\/\/drive.google.com\/file\/d\/1Rsg-VVJIGDY2Ow51TLIp3cvXNwtIT2DS\/view?usp=sharing\" target=\"_blank\" rel=\"noopener\"><span style=\"font-size: 14pt;\"><strong>Descargar<\/strong><\/span><\/a><\/td>\n<\/tr>\n<tr style=\"height: 55px; text-align: center;\">\n<td style=\"width: 362px; height: 55px; text-align: center; border: 1px solid black;\"><span style=\"font-size: 14pt;\"><b>4\u00ba<\/b><\/span><\/td>\n<td style=\"width: 363px; height: 55px; border: 1px solid black; text-align: center;\"><a href=\"https:\/\/drive.google.com\/file\/d\/1_5p5qNjkqE1tZb4DcZS8NRcXp1VzCkR-\/view?usp=sharing\" target=\"_blank\" rel=\"noopener\"><span style=\"font-size: 14pt;\"><strong>Descargar<\/strong><\/span><\/a><\/td>\n<\/tr>\n<tr style=\"height: 55px; text-align: center;\">\n<td style=\"width: 362px; height: 55px; text-align: center; border: 1px solid black;\"><span style=\"font-size: 14pt;\"><b>5\u00ba<\/b><\/span><\/td>\n<td style=\"width: 363px; height: 55px; border: 1px solid black; text-align: center;\"><a href=\"https:\/\/drive.google.com\/file\/d\/1acqpLZLb_ufSvHyOfmrkiDqFPfD3NMeU\/view?usp=sharing\" target=\"_blank\" rel=\"noopener\"><span style=\"font-size: 14pt;\"><strong>Descargar<\/strong><\/span><\/a><\/td>\n<\/tr>\n<tr style=\"height: 55px; text-align: center;\">\n<td style=\"width: 362px; height: 55px; text-align: center; border: 1px solid black;\"><span style=\"font-size: 14pt;\"><b>6\u00ba<\/b><\/span><\/td>\n<td style=\"width: 363px; height: 55px; border: 1px solid black; text-align: center;\"><a href=\"https:\/\/drive.google.com\/file\/d\/1KhsZEZmrZGPGDCmpI2ext0W94Ge_UngJ\/view?usp=sharing\" target=\"_blank\" rel=\"noopener\"><span style=\"font-size: 14pt;\"><strong>Descargar<\/strong><\/span><\/a><\/td>\n<\/tr>\n<\/tbody>\n<\/table>\n<table style=\"height: 147px; margin-left: auto; margin-right: auto; border: 1px solid black;\" width=\"741\">\n<tbody>\n<tr style=\"height: 55px; text-align: center;\">\n<td style=\"width: 362px; height: 55px; text-align: center; border: 1px solid black; background-color: yellow;\" colspan=\"2\"><span style=\"font-size: 14pt;\"><strong>SECUNDARIA<\/strong><\/span><\/td>\n<\/tr>\n<tr style=\"height: 55px; text-align: center;\">\n<td style=\"width: 362px; height: 55px; text-align: center; border: 1px solid black;\" colspan=\"2\"><a href=\"https:\/\/drive.google.com\/file\/d\/1LHcHfigijc6Auy9CkG5c5cd__M5vyA9M\/view?usp=sharing\" target=\"_blank\" rel=\"noopener\"><span style=\"font-size: 14pt;\"><strong>Descargar<\/strong><\/span><\/a><\/td>\n<\/tr>\n<\/tbody>\n<\/table>\n","protected":false},"excerpt":{"rendered":"<p>PLAN LECTOR 2024 (Enero y Febrero) Se hace la publicaci\u00f3n del Plan Lector 2024, con las obras que los estudiantes deber\u00e1n leer en los meses de Enero y Febrero. Asimismo, el \u00c1rea de Comunicaci\u00f3n realizar\u00e1 el control de lectura a los estudiantes al retornar a clases, en el A\u00f1o Escolar 2024, de esta manera se [&hellip;]<\/p>\n","protected":false},"author":1,"featured_media":0,"parent":0,"menu_order":0,"comment_status":"closed","ping_status":"closed","template":"","meta":{"footnotes":""},"class_list":["post-628","page","type-page","status-publish","hentry"],"blocksy_meta":[],"_links":{"self":[{"href":"https:\/\/sygaweb.com\/web_cervello\/web\/wp-json\/wp\/v2\/pages\/628","targetHints":{"allow":["GET"]}}],"collection":[{"href":"https:\/\/sygaweb.com\/web_cervello\/web\/wp-json\/wp\/v2\/pages"}],"about":[{"href":"https:\/\/sygaweb.com\/web_cervello\/web\/wp-json\/wp\/v2\/types\/page"}],"author":[{"embeddable":true,"href":"https:\/\/sygaweb.com\/web_cervello\/web\/wp-json\/wp\/v2\/users\/1"}],"replies":[{"embeddable":true,"href":"https:\/\/sygaweb.com\/web_cervello\/web\/wp-json\/wp\/v2\/comments?post=628"}],"version-history":[{"count":9,"href":"https:\/\/sygaweb.com\/web_cervello\/web\/wp-json\/wp\/v2\/pages\/628\/revisions"}],"predecessor-version":[{"id":1663,"href":"https:\/\/sygaweb.com\/web_cervello\/web\/wp-json\/wp\/v2\/pages\/628\/revisions\/1663"}],"wp:attachment":[{"href":"https:\/\/sygaweb.com\/web_cervello\/web\/wp-json\/wp\/v2\/media?parent=628"}],"curies":[{"name":"wp","href":"https:\/\/api.w.org\/{rel}","templated":true}]}}