{"id":759,"date":"2022-09-08T11:29:23","date_gmt":"2022-09-08T16:29:23","guid":{"rendered":"https:\/\/iepcervello.edu.pe\/portal\/?page_id=759"},"modified":"2022-09-08T11:35:20","modified_gmt":"2022-09-08T16:35:20","slug":"mision","status":"publish","type":"page","link":"https:\/\/sygaweb.com\/web_cervello\/web\/mision\/","title":{"rendered":"MISI\u00d3N"},"content":{"rendered":"<p>[vc_row][vc_column][vc_column_text css_animation=\u00bbzoomIn\u00bb]<\/p>\n<h2 style=\"text-align: center;\"><strong><span style=\"color: #820917;\">Somos una Instituci\u00f3n Educativa Cat\u00f3lica del distrito de Nuevo Chimbote, fundamentada en los valores evang\u00e9licos y el carisma de la Congregaci\u00f3n de Religiosas Mercedarias Misioneras. Ofrecemos una educaci\u00f3n integral y liberadora, acompa\u00f1ando a nuestros estudiantes en el desarrollo de su autoformaci\u00f3n y compromiso transformador de su entorno.<\/span><\/strong><\/h2>\n<p>[\/vc_column_text][\/vc_column][\/vc_row]<\/p>\n","protected":false},"excerpt":{"rendered":"<p>[vc_row][vc_column][vc_column_text css_animation=\u00bbzoomIn\u00bb] Somos una Instituci\u00f3n Educativa Cat\u00f3lica del distrito de Nuevo Chimbote, fundamentada en los valores evang\u00e9licos y el carisma de la Congregaci\u00f3n de Religiosas Mercedarias Misioneras. Ofrecemos una educaci\u00f3n integral y liberadora, acompa\u00f1ando a nuestros estudiantes en el desarrollo de su autoformaci\u00f3n y compromiso transformador de su entorno. [\/vc_column_text][\/vc_column][\/vc_row]<\/p>\n","protected":false},"author":1,"featured_media":0,"parent":0,"menu_order":0,"comment_status":"closed","ping_status":"closed","template":"","meta":{"footnotes":""},"class_list":["post-759","page","type-page","status-publish","hentry"],"blocksy_meta":[],"_links":{"self":[{"href":"https:\/\/sygaweb.com\/web_cervello\/web\/wp-json\/wp\/v2\/pages\/759","targetHints":{"allow":["GET"]}}],"collection":[{"href":"https:\/\/sygaweb.com\/web_cervello\/web\/wp-json\/wp\/v2\/pages"}],"about":[{"href":"https:\/\/sygaweb.com\/web_cervello\/web\/wp-json\/wp\/v2\/types\/page"}],"author":[{"embeddable":true,"href":"https:\/\/sygaweb.com\/web_cervello\/web\/wp-json\/wp\/v2\/users\/1"}],"replies":[{"embeddable":true,"href":"https:\/\/sygaweb.com\/web_cervello\/web\/wp-json\/wp\/v2\/comments?post=759"}],"version-history":[{"count":3,"href":"https:\/\/sygaweb.com\/web_cervello\/web\/wp-json\/wp\/v2\/pages\/759\/revisions"}],"predecessor-version":[{"id":762,"href":"https:\/\/sygaweb.com\/web_cervello\/web\/wp-json\/wp\/v2\/pages\/759\/revisions\/762"}],"wp:attachment":[{"href":"https:\/\/sygaweb.com\/web_cervello\/web\/wp-json\/wp\/v2\/media?parent=759"}],"curies":[{"name":"wp","href":"https:\/\/api.w.org\/{rel}","templated":true}]}}