{"id":769,"date":"2022-09-08T11:41:06","date_gmt":"2022-09-08T16:41:06","guid":{"rendered":"https:\/\/iepcervello.edu.pe\/portal\/?page_id=769"},"modified":"2022-09-09T10:39:39","modified_gmt":"2022-09-09T15:39:39","slug":"nuestra-identidad","status":"publish","type":"page","link":"https:\/\/sygaweb.com\/web_cervello\/web\/nuestra-identidad\/","title":{"rendered":"NUESTRA IDENTIDAD"},"content":{"rendered":"<div id=\"pg-1980-0\" class=\"panel-grid panel-has-style\">\n<div class=\"siteorigin-panels-stretch panel-row-style panel-row-style-for-1980-0\" data-stretch-type=\"full\">\n<div id=\"pgc-1980-0-0\" class=\"panel-grid-cell\">\n<div id=\"panel-1980-0-0-0\" class=\"so-panel widget widget_sow-editor panel-first-child panel-last-child\" data-index=\"0\">\n<div class=\"so-widget-sow-editor so-widget-sow-editor-base\">\n<div class=\"siteorigin-widget-tinymce textwidget\">\n<h4>JESUCRISTO REDENTOR<br \/>\nModelo de Persona Libre (Lc. 4, 16-19)<\/h4>\n<p><img loading=\"lazy\" decoding=\"async\" class=\"size-full wp-image-1827 aligncenter\" src=\"https:\/\/iepcervello.sistemashw.com\/wp\/wp-content\/uploads\/2018\/07\/jesucristo.png\" sizes=\"auto, (max-width: 300px) 100vw, 300px\" srcset=\"http:\/\/iepcervello.edu.pe\/wp\/wp-content\/uploads\/2018\/07\/jesucristo.png 300w, http:\/\/iepcervello.edu.pe\/wp\/wp-content\/uploads\/2018\/07\/jesucristo-150x150.png 150w\" alt=\"\" width=\"300\" height=\"300\" \/><\/p>\n<p>En \u00c9l nos encontramos liberados. As\u00ed, convierte al educando en sujeto de su propio desarrollo y le permite ser consecuente con su compromiso bautismal.<\/p>\n<ul>\n<li>Hace presente el Reino.<\/li>\n<li>Con personalidad, seguro de s\u00ed mismo.<\/li>\n<li>Valiente, no busca su propia conveniencia.<\/li>\n<li>Habla con libertad.<\/li>\n<li>Es el camino, la verdad y la vida.<\/li>\n<li>Rompe estructuras injustas.<\/li>\n<li>Clara opci\u00f3n por la defensa de la vida.<\/li>\n<li>Opci\u00f3n preferencial por el pobre.<\/li>\n<\/ul>\n<\/div>\n<\/div>\n<\/div>\n<\/div>\n<div id=\"pgc-1980-0-1\" class=\"panel-grid-cell\">\n<div id=\"panel-1980-0-1-0\" class=\"so-panel widget widget_sow-editor panel-first-child panel-last-child\" data-index=\"1\">\n<div class=\"so-widget-sow-editor so-widget-sow-editor-base\">\n<div class=\"siteorigin-widget-tinymce textwidget\">\n<h4>MAR\u00cdA DE LA MERCED<br \/>\n(Fiesta : 24 de setiembre)<\/h4>\n<p><img loading=\"lazy\" decoding=\"async\" class=\"size-full wp-image-1829 aligncenter\" src=\"https:\/\/iepcervello.sistemashw.com\/wp\/wp-content\/uploads\/2018\/07\/maria.png\" sizes=\"auto, (max-width: 300px) 100vw, 300px\" srcset=\"http:\/\/iepcervello.edu.pe\/wp\/wp-content\/uploads\/2018\/07\/maria.png 300w, http:\/\/iepcervello.edu.pe\/wp\/wp-content\/uploads\/2018\/07\/maria-150x150.png 150w\" alt=\"\" width=\"300\" height=\"300\" \/><\/p>\n<ul>\n<li style=\"list-style-type: none;\">\n<ul>\n<li>Nuestra Madre<\/li>\n<li>Mujer libre y creyente.<\/li>\n<li>Es primera disc\u00edpula de Jes\u00fas.<\/li>\n<\/ul>\n<\/li>\n<li>Escucha la palabra de Dios por los pobres y oprimidos de la historia.<\/li>\n<li>Canta y proclama el Magnificat \u2013 Proyecto liberador de Dios.<\/li>\n<li>Como Madre de Jes\u00fas y Madre nuestra, es clave para la unidad de la familia mercedaria.<\/li>\n<\/ul>\n<\/div>\n<\/div>\n<\/div>\n<\/div>\n<\/div>\n<\/div>\n<div id=\"pg-1980-1\" class=\"panel-grid panel-has-style\">\n<div class=\"siteorigin-panels-stretch panel-row-style panel-row-style-for-1980-1\" data-stretch-type=\"full\">\n<div id=\"pgc-1980-1-0\" class=\"panel-grid-cell\">\n<div id=\"panel-1980-1-0-0\" class=\"so-panel widget widget_sow-editor panel-first-child panel-last-child\" data-index=\"2\">\n<div class=\"so-widget-sow-editor so-widget-sow-editor-base\">\n<div class=\"siteorigin-widget-tinymce textwidget\">\n<h4>LUTGARDA MAS I MATEU<br \/>\n(Fiesta : 09 de Agosto)<\/h4>\n<p><img loading=\"lazy\" decoding=\"async\" class=\"aligncenter size-full wp-image-1828\" src=\"https:\/\/iepcervello.sistemashw.com\/wp\/wp-content\/uploads\/2018\/07\/lutgarda.png\" sizes=\"auto, (max-width: 300px) 100vw, 300px\" srcset=\"http:\/\/iepcervello.edu.pe\/wp\/wp-content\/uploads\/2018\/07\/lutgarda.png 300w, http:\/\/iepcervello.edu.pe\/wp\/wp-content\/uploads\/2018\/07\/lutgarda-150x150.png 150w\" alt=\"\" width=\"300\" height=\"300\" \/><br \/>\nMujer carism\u00e1tica que comprende y sabe penetrar en el misterio de la cautividad de los j\u00f3venes de Barcelona. Acoge la inspiraci\u00f3n de Mar\u00eda de la Merced (1856).<\/p>\n<p>El 21 de noviembre de 1860, en Barcelona (Espa\u00f1a) con la ardua colaboraci\u00f3n de Fray Pedro Nolasco Tenas y Casanovas se hace realidad la fundaci\u00f3n del Instituto de Religiosas Mercedarias Misioneras.<br \/>\nLa primera comunidad estuvo conformada por:<\/p>\n<p>Mercedes Bartra y Demestre<br \/>\nRita Parellada i Casals<br \/>\nMariana Trilla i Anguera<br \/>\nRosa V\u00e9laz Larrea<br \/>\nFrancisco Ferrer i Jacas<\/p>\n<p>Lutgarda reci\u00e9n pudo ingresar a la naciente congregaci\u00f3n a la muerte de su madre, su permanencia fue breve, por su delicado estado de salud (22 de abril de 1862).<br \/>\nLa expresi\u00f3n que heredamos de Lutgarda es: \u201cDios y Nuestra Madre proveer\u00e1n\u201d; manifiesta su total confianza en la providencia de Dios.<\/p>\n<p>De profunda fe, amante de la Virgen Mar\u00eda.<\/p>\n<p>A mediados del siglo XIX, la instrucci\u00f3n depend\u00eda de la iniciativa privada al alcance \u00fanicamente de las clases m\u00e1s pudientes, bajo la tutela social de la Iglesia. El analfabetismo del pueblo se ve\u00eda \u201cnormal\u201d, no se priorizaba la necesidad de leer y escribir. Lutgarda, se comprometi\u00f3 con la liberaci\u00f3n de la esclavitud de la ignorancia de las ni\u00f1as y j\u00f3venes, que en ese tiempo no pod\u00edan acceder a ning\u00fan tipo de educaci\u00f3n. Ella supo ir a la ra\u00edz de las desigualdades para abolir la cautividad que la produce: la ignorancia. Asume la educaci\u00f3n, como uno de los medios m\u00e1s eficaces de liberaci\u00f3n.<\/p>\n<\/div>\n<\/div>\n<\/div>\n<\/div>\n<div id=\"pgc-1980-1-1\" class=\"panel-grid-cell\">\n<div id=\"panel-1980-1-1-0\" class=\"so-panel widget widget_sow-editor panel-first-child panel-last-child\" data-index=\"3\">\n<div class=\"so-widget-sow-editor so-widget-sow-editor-base\">\n<div class=\"siteorigin-widget-tinymce textwidget\">\n<h4>SAN PEDRO NOLASCO<br \/>\n(Fiesta : 06 DE Mayo)<\/h4>\n<p><img loading=\"lazy\" decoding=\"async\" class=\"size-full wp-image-1830 aligncenter\" src=\"https:\/\/iepcervello.sistemashw.com\/wp\/wp-content\/uploads\/2018\/07\/pedronolasco.png\" sizes=\"auto, (max-width: 300px) 100vw, 300px\" srcset=\"http:\/\/iepcervello.edu.pe\/wp\/wp-content\/uploads\/2018\/07\/pedronolasco.png 300w, http:\/\/iepcervello.edu.pe\/wp\/wp-content\/uploads\/2018\/07\/pedronolasco-150x150.png 150w\" alt=\"\" width=\"300\" height=\"300\" \/><\/p>\n<p>Mar\u00eda inspira a Nolasco la fundaci\u00f3n de una familia religiosa y se presenta bajo la advocaci\u00f3n de \u201cLa Merced\u201d: Misericordia, dar la vida por el otro, es un don.<\/p>\n<p>Fund\u00f3 la orden de Santa Mar\u00eda de la Merced en el siglo XIII (10 de agosto de 1218), en Barcelona (Espa\u00f1a).<br \/>\nAsumi\u00f3 el compromiso de luchar por la liberaci\u00f3n y redenci\u00f3n de los hombres y mujeres que sufr\u00edan opresi\u00f3n.<\/p>\n<p>\u201cEstar dispuestos a entregarlo todo y hasta la propia vida por la libertad de sus hermanos cautivos\u2026\u201d es el esp\u00edritu, la identidad carism\u00e1tica de los liberadores mercedarios.<\/p>\n<\/div>\n<\/div>\n<\/div>\n<\/div>\n<\/div>\n<\/div>\n<div id=\"pg-1980-2\" class=\"panel-grid panel-has-style\">\n<div class=\"siteorigin-panels-stretch panel-row-style panel-row-style-for-1980-2\" data-stretch-type=\"full\">\n<div id=\"pgc-1980-2-0\" class=\"panel-grid-cell panel-grid-cell-mobile-last\">\n<div id=\"panel-1980-2-0-0\" class=\"so-panel widget widget_sow-editor panel-first-child panel-last-child\" data-index=\"4\">\n<div class=\"so-widget-sow-editor so-widget-sow-editor-base\">\n<div class=\"siteorigin-widget-tinymce textwidget\">\n<h4>SANTA MAR\u00cdA DE CERVELL\u00d3<br \/>\n(Fiesta : 19 DE SETIEMBRE)<\/h4>\n<p><img loading=\"lazy\" decoding=\"async\" class=\"size-full wp-image-1826 aligncenter\" src=\"https:\/\/iepcervello.sistemashw.com\/wp\/wp-content\/uploads\/2018\/07\/cervello.png\" sizes=\"auto, (max-width: 300px) 100vw, 300px\" srcset=\"http:\/\/iepcervello.edu.pe\/wp\/wp-content\/uploads\/2018\/07\/cervello.png 300w, http:\/\/iepcervello.edu.pe\/wp\/wp-content\/uploads\/2018\/07\/cervello-150x150.png 150w\" alt=\"\" width=\"300\" height=\"300\" \/><\/p>\n<p>Primera religiosa Mercedaria (1260), participa con Pedro Nolasco en el restablecimiento f\u00edsico y espiritual de las personas redimidas antes de retornar a sus hogares.<\/p>\n<p>Santa Mar\u00eda de Cervell\u00f3, primera Religiosa Mercedaria.<\/p>\n<p>Simboliza y representa a la figura femenina de la Merced en el siglo XIII. Ella, respondi\u00f3 y se comprometi\u00f3 con la redenci\u00f3n de los hombres y mujeres cautivos. Con su ejemplo, ense\u00f1\u00f3 a comprometerse con ternura y misericordia en la obra redentora.<\/p>\n<p>Actualmente contin\u00faa siendo inspiraci\u00f3n y gu\u00eda en el caminar de la historia para toda mujer mercedaria.<\/p>\n<\/div>\n<\/div>\n<\/div>\n<\/div>\n<\/div>\n<\/div>\n","protected":false},"excerpt":{"rendered":"<p>JESUCRISTO REDENTOR Modelo de Persona Libre (Lc. 4, 16-19) En \u00c9l nos encontramos liberados. As\u00ed, convierte al educando en sujeto de su propio desarrollo y le permite ser consecuente con su compromiso bautismal. Hace presente el Reino. Con personalidad, seguro de s\u00ed mismo. Valiente, no busca su propia conveniencia. Habla con libertad. Es el camino, [&hellip;]<\/p>\n","protected":false},"author":1,"featured_media":0,"parent":0,"menu_order":0,"comment_status":"closed","ping_status":"closed","template":"","meta":{"footnotes":""},"class_list":["post-769","page","type-page","status-publish","hentry"],"blocksy_meta":[],"_links":{"self":[{"href":"https:\/\/sygaweb.com\/web_cervello\/web\/wp-json\/wp\/v2\/pages\/769","targetHints":{"allow":["GET"]}}],"collection":[{"href":"https:\/\/sygaweb.com\/web_cervello\/web\/wp-json\/wp\/v2\/pages"}],"about":[{"href":"https:\/\/sygaweb.com\/web_cervello\/web\/wp-json\/wp\/v2\/types\/page"}],"author":[{"embeddable":true,"href":"https:\/\/sygaweb.com\/web_cervello\/web\/wp-json\/wp\/v2\/users\/1"}],"replies":[{"embeddable":true,"href":"https:\/\/sygaweb.com\/web_cervello\/web\/wp-json\/wp\/v2\/comments?post=769"}],"version-history":[{"count":1,"href":"https:\/\/sygaweb.com\/web_cervello\/web\/wp-json\/wp\/v2\/pages\/769\/revisions"}],"predecessor-version":[{"id":770,"href":"https:\/\/sygaweb.com\/web_cervello\/web\/wp-json\/wp\/v2\/pages\/769\/revisions\/770"}],"wp:attachment":[{"href":"https:\/\/sygaweb.com\/web_cervello\/web\/wp-json\/wp\/v2\/media?parent=769"}],"curies":[{"name":"wp","href":"https:\/\/api.w.org\/{rel}","templated":true}]}}