{"id":771,"date":"2022-09-08T11:42:07","date_gmt":"2022-09-08T16:42:07","guid":{"rendered":"https:\/\/iepcervello.edu.pe\/portal\/?page_id=771"},"modified":"2022-09-09T10:39:21","modified_gmt":"2022-09-09T15:39:21","slug":"nuestros-valores","status":"publish","type":"page","link":"https:\/\/sygaweb.com\/web_cervello\/web\/nuestros-valores\/","title":{"rendered":"NUESTROS VALORES"},"content":{"rendered":"<div>\n<div id=\"pg-1584-0\" class=\"panel-grid panel-has-style\">\n<div class=\"siteorigin-panels-stretch panel-row-style panel-row-style-for-1584-0\" data-stretch-type=\"full\">\n<div id=\"pgc-1584-0-1\" class=\"panel-grid-cell\">\n<div id=\"panel-1584-0-1-0\" class=\"so-panel widget widget_text panel-first-child panel-last-child\" data-index=\"1\">\n<div class=\"textwidget\">\n<h2>AMOR<\/h2>\n<div class=\"tx-animate animated fadeInUp\" data-animation=\"fadeInUp\" data-animation-duration=\"1\" data-animation-delay=\"0.4\">Es un derecho de la persona por su dignidad humana y a la vez es la capadidad de actua o no actuar seg\u00fan su criterio y voluntad.<br \/>\nLa persona que es libre no se encuentra prisionera, ni coaccionada o sometida a otra.<br \/>\nLa vivencia de la Libertad, en nuestro estilo educativo, permite decidir y optar por un mundo m\u00e1s justo y fraterno, desde el respeto mutuo que promueve el di\u00e1logo, la apertura y tolerancia en el compartir las ideas, la critica constructiva y la autocr\u00edtica, teniendo como modelo en nuestras acciones cotidianas a Cristo Redentor y a Lutgarda para testimoniar el amor liberador.<\/div>\n<div class=\"tx-spacer clearfix\"><\/div>\n<\/div>\n<\/div>\n<\/div>\n<\/div>\n<\/div>\n<div id=\"pg-1584-1\" class=\"panel-grid panel-has-style\">\n<div class=\"siteorigin-panels-stretch panel-row-style panel-row-style-for-1584-1\" data-stretch-type=\"full\">\n<div id=\"pgc-1584-1-1\" class=\"panel-grid-cell\">\n<div id=\"panel-1584-1-1-0\" class=\"so-panel widget widget_text panel-first-child panel-last-child\" data-index=\"3\">\n<div class=\"textwidget\">\n<h2>LIBERTAD<\/h2>\n<div class=\"tx-animate animated fadeInUp\" data-animation=\"fadeInUp\" data-animation-duration=\"1\" data-animation-delay=\"0.6\">Es un derecho de la persona por su dignidad humana y a la vez es la capadidad de actua o no actuar seg\u00fan su criterio y voluntad.<br \/>\nLa persona que es libre no se encuentra prisionera, ni coaccionada o sometida a otra.<br \/>\nLa vivencia de la Libertad, en nuestro estilo educativo, permite decidir y optar por un mundo m\u00e1s justo y fraterno, desde el respeto mutuo que promueve el di\u00e1logo, la apertura y tolerancia en el compartir las ideas, la critica constructiva y la autocr\u00edtica, teniendo como modelo en nuestras acciones cotidianas a Cristo Redentor y a Lutgarda para testimoniar el amor liberador.<\/div>\n<div class=\"tx-spacer clearfix\"><\/div>\n<\/div>\n<\/div>\n<\/div>\n<\/div>\n<\/div>\n<div id=\"pg-1584-2\" class=\"panel-grid panel-has-style\">\n<div class=\"siteorigin-panels-stretch panel-row-style panel-row-style-for-1584-2\" data-stretch-type=\"full\">\n<div id=\"pgc-1584-2-1\" class=\"panel-grid-cell\">\n<div id=\"panel-1584-2-1-0\" class=\"so-panel widget widget_text panel-first-child panel-last-child\" data-index=\"5\">\n<div class=\"textwidget\">\n<h2>SOLIDARIDAD<\/h2>\n<div class=\"tx-animate animated fadeInUp\" data-animation=\"fadeInUp\" data-animation-duration=\"1\" data-animation-delay=\"0.8\">Reconocemos la solidaridad como un acto de encuentro con la persona de Jes\u00fas que nos hace humanos unos de otros e hijos de un mismo Padre.<br \/>\nFormamos en el valor de la solidaridad aprendiendo a compartir y sentir las preocupaciones y sufrimientos de los hombres y mujeres sobretodo de los m\u00e1s necesitados, con actitud generosa, fraterna y activa, coherente con los valores del Evangelio.<\/div>\n<div class=\"tx-spacer clearfix\"><\/div>\n<\/div>\n<\/div>\n<\/div>\n<\/div>\n<\/div>\n<div id=\"pg-1584-3\" class=\"panel-grid panel-has-style\">\n<div class=\"siteorigin-panels-stretch panel-row-style panel-row-style-for-1584-3\" data-stretch-type=\"full\">\n<div id=\"pgc-1584-3-1\" class=\"panel-grid-cell\">\n<div id=\"panel-1584-3-1-0\" class=\"so-panel widget widget_text panel-first-child panel-last-child\" data-index=\"7\">\n<div class=\"textwidget\">\n<h2>RESPONSABILIDAD<\/h2>\n<div class=\"tx-animate animated fadeInUp\" data-animation=\"fadeInUp\" data-animation-duration=\"1\" data-animation-delay=\"0.10\">Es un valor individual, una cualudad para crecer. Es hacerse cargo de las acciones de los procesos y de las consecuencias de nuestros actos. Como mercedarios no solo buscamos el propio bien sono tambien el de los dem\u00e1s. Gracias a la responsabilidad podemos convivir de manera arm\u00f3nica, pac\u00edfica y equitativa porque nos ayuda a tomar conciencia de nuestras decisiones aut\u00f3nomas y honestas, as\u00ed como del compromiso por lograr nuestras metas y objetivos personales e institucionales.<\/div>\n<\/div>\n<\/div>\n<\/div>\n<\/div>\n<\/div>\n<div id=\"pg-1584-4\" class=\"panel-grid panel-has-style\">\n<div class=\"siteorigin-panels-stretch panel-row-style panel-row-style-for-1584-4\" data-stretch-type=\"full\">\n<div id=\"pgc-1584-4-0\" class=\"panel-grid-cell\">\n<div id=\"panel-1584-4-0-0\" class=\"so-panel widget widget_text panel-first-child panel-last-child\" data-index=\"8\">\n<div class=\"textwidget\">\n<p>&nbsp;<\/p>\n<\/div>\n<\/div>\n<\/div>\n<div id=\"pgc-1584-4-1\" class=\"panel-grid-cell\">\n<div id=\"panel-1584-4-1-0\" class=\"so-panel widget widget_text panel-first-child panel-last-child\" data-index=\"9\">\n<div class=\"textwidget\">\n<h2>JUSTICIA<\/h2>\n<div class=\"tx-animate animated fadeInUp\" data-animation=\"fadeInUp\" data-animation-duration=\"1\" data-animation-delay=\"1.0\">Es el derecho que poseen los hombres y mujeres, como hijos de Dios y miembros de la comunidad humana, a la dignidad e igualdad. El valor de la Justicia, regula la conducta social de la persona, dispone a la equidad como parte del respeto a los derechos de cada uno, as\u00ed como el fomento de la armon\u00eda en las relaciones humanas y el bien com\u00fan de los integrantes de las Instituciones Educativas. La vivencia de este valor en la familia mercedaria nos ayudar\u00e1 a ser agentes transformadores de la sociedad, cr\u00edticos y comprometidos con un mundo m\u00e1s justo y solidario.<\/div>\n<div class=\"tx-spacer clearfix\"><\/div>\n<\/div>\n<\/div>\n<\/div>\n<\/div>\n<\/div>\n<div id=\"pg-1584-5\" class=\"panel-grid panel-has-style\">\n<div class=\"siteorigin-panels-stretch panel-row-style panel-row-style-for-1584-5\" data-stretch-type=\"full\">\n<div id=\"pgc-1584-5-1\" class=\"panel-grid-cell\">\n<div id=\"panel-1584-5-1-0\" class=\"so-panel widget widget_text panel-first-child panel-last-child\" data-index=\"11\">\n<div class=\"textwidget\">\n<h2>VERDAD<\/h2>\n<div class=\"tx-animate animated fadeInUp\" data-animation=\"fadeInUp\" data-animation-duration=\"1\" data-animation-delay=\"1.2\">Es un valor \u00e9tico. Permite orientar nuestro comportamiento en funci\u00f3n de realizarnos como personas en coherencia con el magisterio de la Iglesia e iluminados por la Verdad plena que es Jesucristo Redentor, \u201c\u2026 y conocer\u00e1 nla verdadd y la verdad los har\u00e1 libres\u201d Jn. 8, 32. La verdad o veracidad implica mostrarse aut\u00e9nticos y transparentes en los propios actos y en decir la verdad sin duplicidad, simulaci\u00f3n ni hipocres\u00eda. Est\u00e1 vinculada a la honradez, la honestidad y la discreci\u00f3n o que somo y tenemos con los excluidos de hoy.<\/div>\n<\/div>\n<\/div>\n<\/div>\n<\/div>\n<\/div>\n<\/div>\n","protected":false},"excerpt":{"rendered":"<p>AMOR Es un derecho de la persona por su dignidad humana y a la vez es la capadidad de actua o no actuar seg\u00fan su criterio y voluntad. La persona que es libre no se encuentra prisionera, ni coaccionada o sometida a otra. La vivencia de la Libertad, en nuestro estilo educativo, permite decidir y [&hellip;]<\/p>\n","protected":false},"author":1,"featured_media":0,"parent":0,"menu_order":0,"comment_status":"closed","ping_status":"closed","template":"","meta":{"footnotes":""},"class_list":["post-771","page","type-page","status-publish","hentry"],"blocksy_meta":[],"_links":{"self":[{"href":"https:\/\/sygaweb.com\/web_cervello\/web\/wp-json\/wp\/v2\/pages\/771","targetHints":{"allow":["GET"]}}],"collection":[{"href":"https:\/\/sygaweb.com\/web_cervello\/web\/wp-json\/wp\/v2\/pages"}],"about":[{"href":"https:\/\/sygaweb.com\/web_cervello\/web\/wp-json\/wp\/v2\/types\/page"}],"author":[{"embeddable":true,"href":"https:\/\/sygaweb.com\/web_cervello\/web\/wp-json\/wp\/v2\/users\/1"}],"replies":[{"embeddable":true,"href":"https:\/\/sygaweb.com\/web_cervello\/web\/wp-json\/wp\/v2\/comments?post=771"}],"version-history":[{"count":1,"href":"https:\/\/sygaweb.com\/web_cervello\/web\/wp-json\/wp\/v2\/pages\/771\/revisions"}],"predecessor-version":[{"id":772,"href":"https:\/\/sygaweb.com\/web_cervello\/web\/wp-json\/wp\/v2\/pages\/771\/revisions\/772"}],"wp:attachment":[{"href":"https:\/\/sygaweb.com\/web_cervello\/web\/wp-json\/wp\/v2\/media?parent=771"}],"curies":[{"name":"wp","href":"https:\/\/api.w.org\/{rel}","templated":true}]}}