{"id":775,"date":"2022-09-08T11:46:11","date_gmt":"2022-09-08T16:46:11","guid":{"rendered":"https:\/\/iepcervello.edu.pe\/portal\/?page_id=775"},"modified":"2022-09-09T10:38:32","modified_gmt":"2022-09-09T15:38:32","slug":"lista-de-utiles-2021","status":"publish","type":"page","link":"https:\/\/sygaweb.com\/web_cervello\/web\/lista-de-utiles-2021\/","title":{"rendered":"LISTA DE \u00daTILES 2021"},"content":{"rendered":"<p style=\"text-align: center;\"><span style=\"font-size: 18pt;\"><strong>LISTA DE \u00daTILES 2021<\/strong><\/span><\/p>\n<table style=\"height: 147px; margin-left: auto; margin-right: auto; border: 1px solid black;\" width=\"741\">\n<tbody>\n<tr style=\"height: 55px; text-align: center;\">\n<td style=\"width: 362px; height: 55px; text-align: center; border: 1px solid black; background-color: yellow;\" colspan=\"2\"><span style=\"font-size: 14pt;\"><strong>INICIAL<\/strong><\/span><\/td>\n<\/tr>\n<tr style=\"height: 55px; text-align: center;\">\n<td style=\"width: 362px; height: 55px; text-align: center; border: 1px solid black;\"><span style=\"font-size: 14pt;\"><strong>3 a\u00f1os<\/strong><\/span><\/td>\n<td style=\"width: 363px; height: 55px; text-align: center; border: 1px solid black;\"><span style=\"font-size: 14pt;\"><strong><a href=\"https:\/\/drive.google.com\/file\/d\/1oL4LFBbL_Dy-mJ_FrWv2KpFSDjqLHv1X\/view?usp=sharing\" target=\"_blank\" rel=\"noopener noreferrer\">Descargar<\/a><\/strong><\/span><\/td>\n<\/tr>\n<tr style=\"height: 55px; text-align: center;\">\n<td style=\"width: 362px; height: 55px; text-align: center; border: 1px solid black;\"><span style=\"font-size: 14pt;\"><strong>4 a\u00f1os<\/strong><\/span><\/td>\n<td style=\"width: 363px; height: 55px; text-align: center; border: 1px solid black;\"><span style=\"font-size: 14pt;\"><strong><a href=\"https:\/\/drive.google.com\/file\/d\/1nLliNu4PPwFqdRjUHRMOS7dRd_NKQ7SQ\/view?usp=sharing\" target=\"_blank\" rel=\"noopener noreferrer\">Descargar<\/a><\/strong><\/span><\/td>\n<\/tr>\n<tr style=\"height: 55px; text-align: center;\">\n<td style=\"width: 362px; height: 55px; text-align: center; border: 1px solid black;\"><span style=\"font-size: 14pt;\"><strong>5 a\u00f1os<\/strong><\/span><\/td>\n<td style=\"width: 363px; height: 55px; text-align: center; border: 1px solid black;\"><span style=\"font-size: 14pt;\"><strong><a href=\"https:\/\/drive.google.com\/file\/d\/1mTyc1Zj2C9Sd8-8xacN5t6AYDvdb2A_L\/view?usp=sharing\" target=\"_blank\" rel=\"noopener noreferrer\">Descargar<\/a><\/strong><\/span><\/td>\n<\/tr>\n<\/tbody>\n<\/table>\n<p style=\"text-align: center;\">\u00a0<\/p>\n<table style=\"height: 147px; margin-left: auto; margin-right: auto; border: 1px solid black;\" width=\"741\">\n<tbody>\n<tr style=\"height: 55px; text-align: center;\">\n<td style=\"width: 362px; height: 55px; text-align: center; border: 1px solid black; background-color: yellow;\" colspan=\"2\"><span style=\"font-size: 14pt;\"><strong>PRIMARIA<\/strong><\/span><\/td>\n<\/tr>\n<tr style=\"height: 55px; text-align: center;\">\n<td style=\"width: 362px; height: 55px; text-align: center; border: 1px solid black;\"><span style=\"font-size: 18.6667px;\"><b>1\u00ba\u00a0<\/b><\/span><\/td>\n<td style=\"width: 363px; height: 55px; text-align: center; border: 1px solid black;\"><span style=\"font-size: 14pt;\"><strong><a href=\"https:\/\/drive.google.com\/file\/d\/1Y5T5XBaZVIpLTwKglKd-0ougjGvlbrxu\/view?usp=sharing\" target=\"_blank\" rel=\"noopener noreferrer\">Descargar<\/a><\/strong><\/span><\/td>\n<\/tr>\n<tr style=\"height: 55px; text-align: center;\">\n<td style=\"width: 362px; height: 55px; text-align: center; border: 1px solid black;\"><span style=\"font-size: 14pt;\"><strong>2\u00ba<\/strong><\/span><\/td>\n<td style=\"width: 363px; height: 55px; text-align: center; border: 1px solid black;\"><span style=\"font-size: 14pt;\"><strong><a href=\"https:\/\/drive.google.com\/file\/d\/14y_FH_wKx2vf5sJ2vqHQvAjjKBo8aIGT\/view?usp=sharing\" target=\"_blank\" rel=\"noopener noreferrer\">Descargar<\/a><\/strong><\/span><\/td>\n<\/tr>\n<tr style=\"height: 55px; text-align: center;\">\n<td style=\"width: 362px; height: 55px; text-align: center; border: 1px solid black;\"><span style=\"font-size: 14pt;\"><strong>3\u00ba<\/strong><\/span><\/td>\n<td style=\"width: 363px; height: 55px; text-align: center; border: 1px solid black;\"><span style=\"font-size: 14pt;\"><strong><a href=\"https:\/\/drive.google.com\/file\/d\/14Y_JPEYuDG7pnMUSSES3oA1GMDj9skZG\/view?usp=sharing\" target=\"_blank\" rel=\"noopener noreferrer\">Descargar<\/a><\/strong><\/span><\/td>\n<\/tr>\n<tr style=\"height: 55px; text-align: center;\">\n<td style=\"width: 362px; height: 55px; text-align: center; border: 1px solid black;\"><span style=\"font-size: 14pt;\"><strong>4\u00ba<\/strong><\/span><\/td>\n<td style=\"width: 363px; height: 55px; text-align: center; border: 1px solid black;\"><span style=\"font-size: 14pt;\"><strong><a href=\"https:\/\/drive.google.com\/file\/d\/1coaYc23I4a17dG3vpVUc2Z7qmLl3uF0c\/view?usp=sharing\" target=\"_blank\" rel=\"noopener noreferrer\">Descargar<\/a><\/strong><\/span><\/td>\n<\/tr>\n<tr style=\"height: 55px; text-align: center;\">\n<td style=\"width: 362px; height: 55px; text-align: center; border: 1px solid black;\"><span style=\"font-size: 14pt;\"><strong>5\u00ba<\/strong><\/span><\/td>\n<td style=\"width: 363px; height: 55px; text-align: center; border: 1px solid black;\"><span style=\"font-size: 14pt;\"><strong><a href=\"https:\/\/drive.google.com\/file\/d\/1rlXjfm6wN8PMQosCf37zzWqcCJTW74TB\/view?usp=sharing\" target=\"_blank\" rel=\"noopener noreferrer\">Descargar<\/a><\/strong><\/span><\/td>\n<\/tr>\n<tr style=\"height: 55px; text-align: center;\">\n<td style=\"width: 362px; height: 55px; text-align: center; border: 1px solid black;\"><span style=\"font-size: 14pt;\"><strong>6\u00ba<\/strong><\/span><\/td>\n<td style=\"width: 363px; height: 55px; text-align: center; border: 1px solid black;\"><span style=\"font-size: 14pt;\"><strong><a href=\"https:\/\/drive.google.com\/file\/d\/1gp2xUd7SR7YR7EFwUDzx_M-pD_qteVBr\/view?usp=sharing\" target=\"_blank\" rel=\"noopener noreferrer\">Descargar<\/a><\/strong><\/span><\/td>\n<\/tr>\n<\/tbody>\n<\/table>\n<p>\u00a0<\/p>\n<p><strong>Nota: Los materiales son referenciales y se ir\u00e1n usando conforme indique el\/la profesora.<\/strong><\/p>\n","protected":false},"excerpt":{"rendered":"<p>LISTA DE \u00daTILES 2021 INICIAL 3 a\u00f1os Descargar 4 a\u00f1os Descargar 5 a\u00f1os Descargar \u00a0 PRIMARIA 1\u00ba\u00a0 Descargar 2\u00ba Descargar 3\u00ba Descargar 4\u00ba Descargar 5\u00ba Descargar 6\u00ba Descargar \u00a0 Nota: Los materiales son referenciales y se ir\u00e1n usando conforme indique el\/la profesora.<\/p>\n","protected":false},"author":1,"featured_media":0,"parent":0,"menu_order":0,"comment_status":"closed","ping_status":"closed","template":"","meta":{"footnotes":""},"class_list":["post-775","page","type-page","status-publish","hentry"],"blocksy_meta":[],"_links":{"self":[{"href":"https:\/\/sygaweb.com\/web_cervello\/web\/wp-json\/wp\/v2\/pages\/775","targetHints":{"allow":["GET"]}}],"collection":[{"href":"https:\/\/sygaweb.com\/web_cervello\/web\/wp-json\/wp\/v2\/pages"}],"about":[{"href":"https:\/\/sygaweb.com\/web_cervello\/web\/wp-json\/wp\/v2\/types\/page"}],"author":[{"embeddable":true,"href":"https:\/\/sygaweb.com\/web_cervello\/web\/wp-json\/wp\/v2\/users\/1"}],"replies":[{"embeddable":true,"href":"https:\/\/sygaweb.com\/web_cervello\/web\/wp-json\/wp\/v2\/comments?post=775"}],"version-history":[{"count":1,"href":"https:\/\/sygaweb.com\/web_cervello\/web\/wp-json\/wp\/v2\/pages\/775\/revisions"}],"predecessor-version":[{"id":776,"href":"https:\/\/sygaweb.com\/web_cervello\/web\/wp-json\/wp\/v2\/pages\/775\/revisions\/776"}],"wp:attachment":[{"href":"https:\/\/sygaweb.com\/web_cervello\/web\/wp-json\/wp\/v2\/media?parent=775"}],"curies":[{"name":"wp","href":"https:\/\/api.w.org\/{rel}","templated":true}]}}