{"id":944,"date":"2022-09-27T11:01:00","date_gmt":"2022-09-27T16:01:00","guid":{"rendered":"https:\/\/iepcervello.edu.pe\/web\/?page_id=944"},"modified":"2022-09-27T11:02:48","modified_gmt":"2022-09-27T16:02:48","slug":"tratamiento_datos","status":"publish","type":"page","link":"https:\/\/sygaweb.com\/web_cervello\/web\/tratamiento_datos\/","title":{"rendered":"Tratamiento de mis datos personales"},"content":{"rendered":"<p>Autorizo al C.E.P.P. \u201cSanta Mar\u00eda de Cervell\u00f3\u201d con domicilio en Av. Pac\u00edfico 556. \u00a0Buenos Aires, Nuevo Chimbote, provincia del Santa, departamento Ancash \u2013 Per\u00fa, para tratar mis datos personales y registrarlos en el Banco de Datos Personales \u201cClientes\u201d de su titularidad, con la finalidad de llamarme o enviarme mensajes de texto (SMS), mensajes electr\u00f3nicos y\/o correos electr\u00f3nicos con contenido informativo y publicitario. Declaro conocer que (i) mis datos ser\u00e1n registrados por el tiempo necesario para cumplir con la finalidad expuesta, o hasta que decida revocar mi autorizaci\u00f3n, (ii) C.E.P.P. \u201cSanta Mar\u00eda de Cervell\u00f3\u201d podr\u00e1 compartir su informaci\u00f3n con terceros encargados del tratamiento de sus datos personales, (iii) mi autorizaci\u00f3n resulta facultativa, pero en caso de negativa, la finalidad expuesta no podr\u00e1 realizarse, (iv) podr\u00e9 ejercer los derechos ARCO (Acceso, Rectificaci\u00f3n, Cancelaci\u00f3n y Oposici\u00f3n); en los puntos de atenci\u00f3n designados para tal efecto o a trav\u00e9s del siguiente\u00a0<span style=\"color: #ff0000;\"><a style=\"color: #ff0000;\" href=\"https:\/\/sygaweb.com\/web_cervello\/web\/derecho_arco\/\"><strong>enlace<\/strong><\/a>.<\/span><\/p>\n<p>Para consultar el detalle de los encargados de tratamiento y mayor informaci\u00f3n, revisa nuestra\u00a0<span style=\"color: #ff0000;\"><a style=\"color: #ff0000;\" href=\"https:\/\/sygaweb.com\/web_cervello\/web\/politicas-de-privacidad\/\"><strong>Pol\u00edtica de Privacidad<\/strong><\/a>.<\/span><\/p>\n","protected":false},"excerpt":{"rendered":"<p>Autorizo al C.E.P.P. \u201cSanta Mar\u00eda de Cervell\u00f3\u201d con domicilio en Av. Pac\u00edfico 556. \u00a0Buenos Aires, Nuevo Chimbote, provincia del Santa, departamento Ancash \u2013 Per\u00fa, para tratar mis datos personales y registrarlos en el Banco de Datos Personales \u201cClientes\u201d de su titularidad, con la finalidad de llamarme o enviarme mensajes de texto (SMS), mensajes electr\u00f3nicos y\/o [&hellip;]<\/p>\n","protected":false},"author":1,"featured_media":0,"parent":0,"menu_order":0,"comment_status":"closed","ping_status":"closed","template":"","meta":{"footnotes":""},"class_list":["post-944","page","type-page","status-publish","hentry"],"blocksy_meta":[],"_links":{"self":[{"href":"https:\/\/sygaweb.com\/web_cervello\/web\/wp-json\/wp\/v2\/pages\/944","targetHints":{"allow":["GET"]}}],"collection":[{"href":"https:\/\/sygaweb.com\/web_cervello\/web\/wp-json\/wp\/v2\/pages"}],"about":[{"href":"https:\/\/sygaweb.com\/web_cervello\/web\/wp-json\/wp\/v2\/types\/page"}],"author":[{"embeddable":true,"href":"https:\/\/sygaweb.com\/web_cervello\/web\/wp-json\/wp\/v2\/users\/1"}],"replies":[{"embeddable":true,"href":"https:\/\/sygaweb.com\/web_cervello\/web\/wp-json\/wp\/v2\/comments?post=944"}],"version-history":[{"count":1,"href":"https:\/\/sygaweb.com\/web_cervello\/web\/wp-json\/wp\/v2\/pages\/944\/revisions"}],"predecessor-version":[{"id":945,"href":"https:\/\/sygaweb.com\/web_cervello\/web\/wp-json\/wp\/v2\/pages\/944\/revisions\/945"}],"wp:attachment":[{"href":"https:\/\/sygaweb.com\/web_cervello\/web\/wp-json\/wp\/v2\/media?parent=944"}],"curies":[{"name":"wp","href":"https:\/\/api.w.org\/{rel}","templated":true}]}}